{"id":18957,"date":"2024-09-06T23:50:03","date_gmt":"2024-09-06T21:50:03","guid":{"rendered":"https:\/\/regese.ch\/fussball\/?page_id=18957"},"modified":"2024-09-07T09:01:34","modified_gmt":"2024-09-07T07:01:34","slug":"1-mannschaft-saison-24-25","status":"publish","type":"page","link":"https:\/\/regese.ch\/fussball\/1-mannschaft-saison-24-25\/","title":{"rendered":"1. Mannschaft &#8211; Saison 24 &#8211; 25"},"content":{"rendered":"\n<p>Mit der hervorragenden letzten Saison hat sich unser Team definitiv in der 1. Liga Classic etabliert. <\/p>\n\n\n\n<figure class=\"wp-block-image size-full\"><img loading=\"lazy\" decoding=\"async\" width=\"2000\" height=\"1333\" src=\"https:\/\/regese.ch\/fussball\/wp-content\/uploads\/2024\/09\/FCK-05-Spieler-24-25-16.jpg\" alt=\"\" class=\"wp-image-18950\" srcset=\"https:\/\/regese.ch\/fussball\/wp-content\/uploads\/2024\/09\/FCK-05-Spieler-24-25-16.jpg 2000w, https:\/\/regese.ch\/fussball\/wp-content\/uploads\/2024\/09\/FCK-05-Spieler-24-25-16-300x200.jpg 300w, https:\/\/regese.ch\/fussball\/wp-content\/uploads\/2024\/09\/FCK-05-Spieler-24-25-16-150x100.jpg 150w, https:\/\/regese.ch\/fussball\/wp-content\/uploads\/2024\/09\/FCK-05-Spieler-24-25-16-768x512.jpg 768w, https:\/\/regese.ch\/fussball\/wp-content\/uploads\/2024\/09\/FCK-05-Spieler-24-25-16-1536x1024.jpg 1536w, https:\/\/regese.ch\/fussball\/wp-content\/uploads\/2024\/09\/FCK-05-Spieler-24-25-16-128x85.jpg 128w, https:\/\/regese.ch\/fussball\/wp-content\/uploads\/2024\/09\/FCK-05-Spieler-24-25-16-32x21.jpg 32w\" sizes=\"auto, (max-width: 2000px) 100vw, 2000px\" \/><\/figure>\n\n\n\n<p>Der Kern der erfolgreichen Mannschaft ist fast unver\u00e4ndert geblieben und zus\u00e4tzlich durch junge, hungrige Spieler punktuell verst\u00e4rkt. <br>Auch das Trainerteam bleibt unver\u00e4ndert. Der FC Kreuzlingen setzt auf Kontinuit\u00e4t!<\/p>\n\n\n\n<p>Mit dieser Mannschaft nimmt unser Team die Saison 24- 25 in Angriff.<\/p>\n\n\n\n<figure class=\"wp-block-image size-full\"><img loading=\"lazy\" decoding=\"async\" width=\"2000\" height=\"1333\" src=\"https:\/\/regese.ch\/fussball\/wp-content\/uploads\/2024\/09\/FCK-05-Spieler-24-25-14.jpg\" alt=\"\" class=\"wp-image-18948\" srcset=\"https:\/\/regese.ch\/fussball\/wp-content\/uploads\/2024\/09\/FCK-05-Spieler-24-25-14.jpg 2000w, https:\/\/regese.ch\/fussball\/wp-content\/uploads\/2024\/09\/FCK-05-Spieler-24-25-14-300x200.jpg 300w, https:\/\/regese.ch\/fussball\/wp-content\/uploads\/2024\/09\/FCK-05-Spieler-24-25-14-150x100.jpg 150w, https:\/\/regese.ch\/fussball\/wp-content\/uploads\/2024\/09\/FCK-05-Spieler-24-25-14-768x512.jpg 768w, https:\/\/regese.ch\/fussball\/wp-content\/uploads\/2024\/09\/FCK-05-Spieler-24-25-14-1536x1024.jpg 1536w, https:\/\/regese.ch\/fussball\/wp-content\/uploads\/2024\/09\/FCK-05-Spieler-24-25-14-128x85.jpg 128w, https:\/\/regese.ch\/fussball\/wp-content\/uploads\/2024\/09\/FCK-05-Spieler-24-25-14-32x21.jpg 32w\" sizes=\"auto, (max-width: 2000px) 100vw, 2000px\" \/><\/figure>\n\n\n\n<p>Unser Kader f\u00fcr die Saison 24-25<\/p>\n\n\n<div class=\"sportspress\">\n\t\t<div id='sp-player-gallery-18908' class='gallery galleryid-18908 gallery-columns-3 gallery-size-sportspress-crop-medium'>\t<div class=\"sp-template sp-template-player-gallery sp-template-gallery\"><div class=\"sp-player-gallery-wrapper sp-gallery-wrapper\"><dl class='gallery-item'>\n\t<dt class='gallery-icon portrait'><a href=\"https:\/\/regese.ch\/fussball\/player\/zenel-hasani\/\"><img loading=\"lazy\" decoding=\"async\" width=\"300\" height=\"300\" src=\"https:\/\/regese.ch\/fussball\/wp-content\/uploads\/2024\/01\/Portraet-24-1x1-4-300x300.jpg\" class=\"attachment-sportspress-crop-medium size-sportspress-crop-medium wp-post-image\" alt=\"\" \/><\/a><\/dt><a href=\"https:\/\/regese.ch\/fussball\/player\/zenel-hasani\/\"><dd class=\"wp-caption-text gallery-caption small-3 columns has-number\"><strong>5<\/strong> Zenel Hasani<\/dd><\/a><\/dl><dl class='gallery-item'>\n\t<dt class='gallery-icon portrait'><a href=\"https:\/\/regese.ch\/fussball\/player\/philipp-juchli\/\"><img loading=\"lazy\" decoding=\"async\" width=\"300\" height=\"300\" src=\"https:\/\/regese.ch\/fussball\/wp-content\/uploads\/2023\/08\/Portraet-FCK-05-Web-1x1_23-24-5-300x300.jpg\" class=\"attachment-sportspress-crop-medium size-sportspress-crop-medium wp-post-image\" alt=\"\" \/><\/a><\/dt><a href=\"https:\/\/regese.ch\/fussball\/player\/philipp-juchli\/\"><dd class=\"wp-caption-text gallery-caption small-3 columns has-number\"><strong>6<\/strong> Philipp Juchli<\/dd><\/a><\/dl><dl class='gallery-item'>\n\t<dt class='gallery-icon portrait'><a href=\"https:\/\/regese.ch\/fussball\/player\/midhad-arifagic-2\/\"><img loading=\"lazy\" decoding=\"async\" width=\"300\" height=\"300\" src=\"https:\/\/regese.ch\/fussball\/wp-content\/uploads\/2024\/01\/Portraet-24-1x1-1-300x300.jpg\" class=\"attachment-sportspress-crop-medium size-sportspress-crop-medium wp-post-image\" alt=\"\" \/><\/a><\/dt><a href=\"https:\/\/regese.ch\/fussball\/player\/midhad-arifagic-2\/\"><dd class=\"wp-caption-text gallery-caption small-3 columns has-number\"><strong>7<\/strong> Midhad Arifagic<\/dd><\/a><\/dl><dl class='gallery-item'>\n\t<dt class='gallery-icon portrait'><a href=\"https:\/\/regese.ch\/fussball\/player\/florian-bekteshi\/\"><img loading=\"lazy\" decoding=\"async\" width=\"300\" height=\"300\" src=\"https:\/\/regese.ch\/fussball\/wp-content\/uploads\/2024\/09\/FCK-05-Spieler-24-25-Quadrat-1-300x300.jpg\" class=\"attachment-sportspress-crop-medium size-sportspress-crop-medium wp-post-image\" alt=\"\" \/><\/a><\/dt><a href=\"https:\/\/regese.ch\/fussball\/player\/florian-bekteshi\/\"><dd class=\"wp-caption-text gallery-caption small-3 columns has-number\"><strong>8<\/strong> Florian Bekteshi<\/dd><\/a><\/dl><dl class='gallery-item'>\n\t<dt class='gallery-icon portrait'><a href=\"https:\/\/regese.ch\/fussball\/player\/sven-bode-2\/\"><img loading=\"lazy\" decoding=\"async\" width=\"300\" height=\"300\" src=\"https:\/\/regese.ch\/fussball\/wp-content\/uploads\/2023\/08\/Portraet-FCK-05-Web-1x1_23-24-4-300x300.jpg\" class=\"attachment-sportspress-crop-medium size-sportspress-crop-medium wp-post-image\" alt=\"\" \/><\/a><\/dt><a href=\"https:\/\/regese.ch\/fussball\/player\/sven-bode-2\/\"><dd class=\"wp-caption-text gallery-caption small-3 columns has-number\"><strong>11<\/strong> Sven Bode<\/dd><\/a><\/dl><dl class='gallery-item'>\n\t<dt class='gallery-icon portrait'><a href=\"https:\/\/regese.ch\/fussball\/player\/kissling-jahaim\/\"><img loading=\"lazy\" decoding=\"async\" width=\"300\" height=\"300\" src=\"https:\/\/regese.ch\/fussball\/wp-content\/uploads\/2024\/09\/FCK-05-Spieler-24-25-Quadrat-13-300x300.jpg\" class=\"attachment-sportspress-crop-medium size-sportspress-crop-medium wp-post-image\" alt=\"\" \/><\/a><\/dt><a href=\"https:\/\/regese.ch\/fussball\/player\/kissling-jahaim\/\"><dd class=\"wp-caption-text gallery-caption small-3 columns has-number\"><strong>12<\/strong> Kissling Jahaim<\/dd><\/a><\/dl><dl class='gallery-item'>\n\t<dt class='gallery-icon portrait'><a href=\"https:\/\/regese.ch\/fussball\/player\/benjamin-braendli\/\"><img loading=\"lazy\" decoding=\"async\" width=\"300\" height=\"300\" src=\"https:\/\/regese.ch\/fussball\/wp-content\/uploads\/2024\/01\/Portraet-24-1x1-6-300x300.jpg\" class=\"attachment-sportspress-crop-medium size-sportspress-crop-medium wp-post-image\" alt=\"\" \/><\/a><\/dt><a href=\"https:\/\/regese.ch\/fussball\/player\/benjamin-braendli\/\"><dd class=\"wp-caption-text gallery-caption small-3 columns has-number\"><strong>14<\/strong> Benjamin Br\u00e4ndli<\/dd><\/a><\/dl><dl class='gallery-item'>\n\t<dt class='gallery-icon portrait'><a href=\"https:\/\/regese.ch\/fussball\/player\/amel-limani\/\"><img loading=\"lazy\" decoding=\"async\" width=\"300\" height=\"300\" src=\"https:\/\/regese.ch\/fussball\/wp-content\/uploads\/2023\/08\/Portraet-FCK-05-Web-1x1_23-24-21-300x300.jpg\" class=\"attachment-sportspress-crop-medium size-sportspress-crop-medium wp-post-image\" alt=\"\" \/><\/a><\/dt><a href=\"https:\/\/regese.ch\/fussball\/player\/amel-limani\/\"><dd class=\"wp-caption-text gallery-caption small-3 columns has-number\"><strong>18<\/strong> Amel Limani<\/dd><\/a><\/dl><dl class='gallery-item'>\n\t<dt class='gallery-icon portrait'><a href=\"https:\/\/regese.ch\/fussball\/player\/nentor-pulka\/\"><img loading=\"lazy\" decoding=\"async\" width=\"300\" height=\"300\" src=\"https:\/\/regese.ch\/fussball\/wp-content\/uploads\/2024\/09\/FCK-05-Spieler-24-25-Quadrat-5-300x300.jpg\" class=\"attachment-sportspress-crop-medium size-sportspress-crop-medium wp-post-image\" alt=\"\" \/><\/a><\/dt><a href=\"https:\/\/regese.ch\/fussball\/player\/nentor-pulka\/\"><dd class=\"wp-caption-text gallery-caption small-3 columns has-number\"><strong>20<\/strong> N\u00ebntor Pulka<\/dd><\/a><\/dl><dl class='gallery-item'>\n\t<dt class='gallery-icon portrait'><a href=\"https:\/\/regese.ch\/fussball\/player\/sinan-oeczelik\/\"><img loading=\"lazy\" decoding=\"async\" width=\"300\" height=\"300\" src=\"https:\/\/regese.ch\/fussball\/wp-content\/uploads\/2023\/08\/Portraet-FCK-05-Web-1x1_23-24-17-300x300.jpg\" class=\"attachment-sportspress-crop-medium size-sportspress-crop-medium wp-post-image\" alt=\"\" \/><\/a><\/dt><a href=\"https:\/\/regese.ch\/fussball\/player\/sinan-oeczelik\/\"><dd class=\"wp-caption-text gallery-caption small-3 columns has-number\"><strong>33<\/strong> Sinan \u00d6czelik<\/dd><\/a><\/dl><dl class='gallery-item'>\n\t<dt class='gallery-icon portrait'><a href=\"https:\/\/regese.ch\/fussball\/player\/altin-rrakaqi\/\"><img loading=\"lazy\" decoding=\"async\" width=\"300\" height=\"300\" src=\"https:\/\/regese.ch\/fussball\/wp-content\/uploads\/2024\/01\/Portraet-24-1x1-2-300x300.jpg\" class=\"attachment-sportspress-crop-medium size-sportspress-crop-medium wp-post-image\" alt=\"\" \/><\/a><\/dt><a href=\"https:\/\/regese.ch\/fussball\/player\/altin-rrakaqi\/\"><dd class=\"wp-caption-text gallery-caption small-3 columns has-number\"><strong>34<\/strong> Altin Rrakaqi<\/dd><\/a><\/dl><dl class='gallery-item'>\n\t<dt class='gallery-icon portrait'><a href=\"https:\/\/regese.ch\/fussball\/player\/altan-sayar\/\"><img loading=\"lazy\" decoding=\"async\" width=\"300\" height=\"300\" src=\"https:\/\/regese.ch\/fussball\/wp-content\/uploads\/2024\/09\/FCK-05-Spieler-24-25-Quadrat-6-300x300.jpg\" class=\"attachment-sportspress-crop-medium size-sportspress-crop-medium wp-post-image\" alt=\"\" \/><\/a><\/dt><a href=\"https:\/\/regese.ch\/fussball\/player\/altan-sayar\/\"><dd class=\"wp-caption-text gallery-caption small-3 columns has-number\"><strong>80<\/strong> Altan Sayar<\/dd><\/a><\/dl><\/div><\/div><\/div>\n<\/div>\n\n\n\n<p>Unser Kader auf der FCK 05 <a href=\"https:\/\/www.fck-1905.ch\/1-mannschaft\/spielerkader\/\" target=\"_blank\" rel=\"noreferrer noopener\">Homepage<\/a>.<\/p>\n\n\n\n<p>Unser Kader bei <a href=\"https:\/\/www.transfermarkt.ch\/fc-kreuzlingen\/startseite\/verein\/2772\" target=\"_blank\" rel=\"noreferrer noopener\">transfermarkt.ch<\/a>.<\/p>\n\n\n\n<p><\/p>\n","protected":false},"excerpt":{"rendered":"<p>Mit der hervorragenden letzten Saison hat sich unser Team definitiv in der 1. Liga Classic etabliert. Der Kern der erfolgreichen Mannschaft ist fast unver\u00e4ndert geblieben und zus\u00e4tzlich durch junge, hungrige Spieler punktuell verst\u00e4rkt. Auch das Trainerteam bleibt unver\u00e4ndert. Der FC Kreuzlingen setzt auf Kontinuit\u00e4t! Mit dieser Mannschaft nimmt unser Team die Saison 24- 25 in &#8230; <a title=\"1. Mannschaft &#8211; Saison 24 &#8211; 25\" class=\"read-more\" href=\"https:\/\/regese.ch\/fussball\/1-mannschaft-saison-24-25\/\" aria-label=\"Read more about 1. Mannschaft &#8211; Saison 24 &#8211; 25\">Read more<\/a><\/p>\n","protected":false},"author":1,"featured_media":0,"parent":0,"menu_order":0,"comment_status":"closed","ping_status":"closed","template":"","meta":{"footnotes":""},"class_list":["post-18957","page","type-page","status-publish"],"yoast_head":"<!-- This site is optimized with the Yoast SEO plugin v27.4 - https:\/\/yoast.com\/product\/yoast-seo-wordpress\/ -->\n<title>1. Mannschaft - Saison 24 - 25 | Fussballblicke | Erich Seeger<\/title>\n<meta name=\"robots\" content=\"index, follow, max-snippet:-1, max-image-preview:large, max-video-preview:-1\" \/>\n<link rel=\"canonical\" href=\"https:\/\/regese.ch\/fussball\/1-mannschaft-saison-24-25\/\" \/>\n<meta property=\"og:locale\" content=\"de_DE\" \/>\n<meta property=\"og:type\" content=\"article\" \/>\n<meta property=\"og:title\" content=\"1. Mannschaft - Saison 24 - 25 | Fussballblicke | Erich Seeger\" \/>\n<meta property=\"og:description\" content=\"Mit der hervorragenden letzten Saison hat sich unser Team definitiv in der 1. Liga Classic etabliert. Der Kern der erfolgreichen Mannschaft ist fast unver\u00e4ndert geblieben und zus\u00e4tzlich durch junge, hungrige Spieler punktuell verst\u00e4rkt. Auch das Trainerteam bleibt unver\u00e4ndert. Der FC Kreuzlingen setzt auf Kontinuit\u00e4t! Mit dieser Mannschaft nimmt unser Team die Saison 24- 25 in ... Read more\" \/>\n<meta property=\"og:url\" content=\"https:\/\/regese.ch\/fussball\/1-mannschaft-saison-24-25\/\" \/>\n<meta property=\"og:site_name\" content=\"Fussballblicke\" \/>\n<meta property=\"article:modified_time\" content=\"2024-09-07T07:01:34+00:00\" \/>\n<meta property=\"og:image\" content=\"https:\/\/regese.ch\/fussball\/wp-content\/uploads\/2024\/09\/FCK-05-Spieler-24-25-16.jpg\" \/>\n<meta name=\"twitter:card\" content=\"summary_large_image\" \/>\n<meta name=\"twitter:label1\" content=\"Gesch\u00e4tzte Lesezeit\" \/>\n\t<meta name=\"twitter:data1\" content=\"1\u00a0Minute\" \/>\n<script type=\"application\/ld+json\" class=\"yoast-schema-graph\">{\"@context\":\"https:\\\/\\\/schema.org\",\"@graph\":[{\"@type\":\"WebPage\",\"@id\":\"https:\\\/\\\/regese.ch\\\/fussball\\\/1-mannschaft-saison-24-25\\\/\",\"url\":\"https:\\\/\\\/regese.ch\\\/fussball\\\/1-mannschaft-saison-24-25\\\/\",\"name\":\"1. Mannschaft - Saison 24 - 25 | Fussballblicke | Erich Seeger\",\"isPartOf\":{\"@id\":\"https:\\\/\\\/regese.ch\\\/fussball\\\/#website\"},\"primaryImageOfPage\":{\"@id\":\"https:\\\/\\\/regese.ch\\\/fussball\\\/1-mannschaft-saison-24-25\\\/#primaryimage\"},\"image\":{\"@id\":\"https:\\\/\\\/regese.ch\\\/fussball\\\/1-mannschaft-saison-24-25\\\/#primaryimage\"},\"thumbnailUrl\":\"https:\\\/\\\/regese.ch\\\/fussball\\\/wp-content\\\/uploads\\\/2024\\\/09\\\/FCK-05-Spieler-24-25-16.jpg\",\"datePublished\":\"2024-09-06T21:50:03+00:00\",\"dateModified\":\"2024-09-07T07:01:34+00:00\",\"breadcrumb\":{\"@id\":\"https:\\\/\\\/regese.ch\\\/fussball\\\/1-mannschaft-saison-24-25\\\/#breadcrumb\"},\"inLanguage\":\"de-CH\",\"potentialAction\":[{\"@type\":\"ReadAction\",\"target\":[\"https:\\\/\\\/regese.ch\\\/fussball\\\/1-mannschaft-saison-24-25\\\/\"]}]},{\"@type\":\"ImageObject\",\"inLanguage\":\"de-CH\",\"@id\":\"https:\\\/\\\/regese.ch\\\/fussball\\\/1-mannschaft-saison-24-25\\\/#primaryimage\",\"url\":\"https:\\\/\\\/regese.ch\\\/fussball\\\/wp-content\\\/uploads\\\/2024\\\/09\\\/FCK-05-Spieler-24-25-16.jpg\",\"contentUrl\":\"https:\\\/\\\/regese.ch\\\/fussball\\\/wp-content\\\/uploads\\\/2024\\\/09\\\/FCK-05-Spieler-24-25-16.jpg\",\"width\":2000,\"height\":1333},{\"@type\":\"BreadcrumbList\",\"@id\":\"https:\\\/\\\/regese.ch\\\/fussball\\\/1-mannschaft-saison-24-25\\\/#breadcrumb\",\"itemListElement\":[{\"@type\":\"ListItem\",\"position\":1,\"name\":\"Home\",\"item\":\"https:\\\/\\\/regese.ch\\\/fussball\\\/\"},{\"@type\":\"ListItem\",\"position\":2,\"name\":\"1. Mannschaft &#8211; Saison 24 &#8211; 25\"}]},{\"@type\":\"WebSite\",\"@id\":\"https:\\\/\\\/regese.ch\\\/fussball\\\/#website\",\"url\":\"https:\\\/\\\/regese.ch\\\/fussball\\\/\",\"name\":\"Fussballblicke | Fussballbilder vom FC Kreuzlingen. Und mehr\",\"description\":\"\",\"publisher\":{\"@id\":\"https:\\\/\\\/regese.ch\\\/fussball\\\/#\\\/schema\\\/person\\\/ddd2578315ccba2ed485145ed081d710\"},\"alternateName\":\"Fussballbilder FC Kreuzlingen\",\"potentialAction\":[{\"@type\":\"SearchAction\",\"target\":{\"@type\":\"EntryPoint\",\"urlTemplate\":\"https:\\\/\\\/regese.ch\\\/fussball\\\/?s={search_term_string}\"},\"query-input\":{\"@type\":\"PropertyValueSpecification\",\"valueRequired\":true,\"valueName\":\"search_term_string\"}}],\"inLanguage\":\"de-CH\"},{\"@type\":[\"Person\",\"Organization\"],\"@id\":\"https:\\\/\\\/regese.ch\\\/fussball\\\/#\\\/schema\\\/person\\\/ddd2578315ccba2ed485145ed081d710\",\"name\":\"admin\",\"image\":{\"@type\":\"ImageObject\",\"inLanguage\":\"de-CH\",\"@id\":\"https:\\\/\\\/regese.ch\\\/fussball\\\/wp-content\\\/uploads\\\/2022\\\/03\\\/cropped-AdobeStock_294761021-fUSSBALLBLICK-Breit.png\",\"url\":\"https:\\\/\\\/regese.ch\\\/fussball\\\/wp-content\\\/uploads\\\/2022\\\/03\\\/cropped-AdobeStock_294761021-fUSSBALLBLICK-Breit.png\",\"contentUrl\":\"https:\\\/\\\/regese.ch\\\/fussball\\\/wp-content\\\/uploads\\\/2022\\\/03\\\/cropped-AdobeStock_294761021-fUSSBALLBLICK-Breit.png\",\"width\":1500,\"height\":300,\"caption\":\"admin\"},\"logo\":{\"@id\":\"https:\\\/\\\/regese.ch\\\/fussball\\\/wp-content\\\/uploads\\\/2022\\\/03\\\/cropped-AdobeStock_294761021-fUSSBALLBLICK-Breit.png\"},\"sameAs\":[\"instagram.com\\\/fck05_ese\"]}]}<\/script>\n<!-- \/ Yoast SEO plugin. -->","yoast_head_json":{"title":"1. Mannschaft - Saison 24 - 25 | Fussballblicke | Erich Seeger","robots":{"index":"index","follow":"follow","max-snippet":"max-snippet:-1","max-image-preview":"max-image-preview:large","max-video-preview":"max-video-preview:-1"},"canonical":"https:\/\/regese.ch\/fussball\/1-mannschaft-saison-24-25\/","og_locale":"de_DE","og_type":"article","og_title":"1. Mannschaft - Saison 24 - 25 | Fussballblicke | Erich Seeger","og_description":"Mit der hervorragenden letzten Saison hat sich unser Team definitiv in der 1. Liga Classic etabliert. Der Kern der erfolgreichen Mannschaft ist fast unver\u00e4ndert geblieben und zus\u00e4tzlich durch junge, hungrige Spieler punktuell verst\u00e4rkt. Auch das Trainerteam bleibt unver\u00e4ndert. Der FC Kreuzlingen setzt auf Kontinuit\u00e4t! Mit dieser Mannschaft nimmt unser Team die Saison 24- 25 in ... Read more","og_url":"https:\/\/regese.ch\/fussball\/1-mannschaft-saison-24-25\/","og_site_name":"Fussballblicke","article_modified_time":"2024-09-07T07:01:34+00:00","og_image":[{"url":"https:\/\/regese.ch\/fussball\/wp-content\/uploads\/2024\/09\/FCK-05-Spieler-24-25-16.jpg","type":"","width":"","height":""}],"twitter_card":"summary_large_image","twitter_misc":{"Gesch\u00e4tzte Lesezeit":"1\u00a0Minute"},"schema":{"@context":"https:\/\/schema.org","@graph":[{"@type":"WebPage","@id":"https:\/\/regese.ch\/fussball\/1-mannschaft-saison-24-25\/","url":"https:\/\/regese.ch\/fussball\/1-mannschaft-saison-24-25\/","name":"1. Mannschaft - Saison 24 - 25 | Fussballblicke | Erich Seeger","isPartOf":{"@id":"https:\/\/regese.ch\/fussball\/#website"},"primaryImageOfPage":{"@id":"https:\/\/regese.ch\/fussball\/1-mannschaft-saison-24-25\/#primaryimage"},"image":{"@id":"https:\/\/regese.ch\/fussball\/1-mannschaft-saison-24-25\/#primaryimage"},"thumbnailUrl":"https:\/\/regese.ch\/fussball\/wp-content\/uploads\/2024\/09\/FCK-05-Spieler-24-25-16.jpg","datePublished":"2024-09-06T21:50:03+00:00","dateModified":"2024-09-07T07:01:34+00:00","breadcrumb":{"@id":"https:\/\/regese.ch\/fussball\/1-mannschaft-saison-24-25\/#breadcrumb"},"inLanguage":"de-CH","potentialAction":[{"@type":"ReadAction","target":["https:\/\/regese.ch\/fussball\/1-mannschaft-saison-24-25\/"]}]},{"@type":"ImageObject","inLanguage":"de-CH","@id":"https:\/\/regese.ch\/fussball\/1-mannschaft-saison-24-25\/#primaryimage","url":"https:\/\/regese.ch\/fussball\/wp-content\/uploads\/2024\/09\/FCK-05-Spieler-24-25-16.jpg","contentUrl":"https:\/\/regese.ch\/fussball\/wp-content\/uploads\/2024\/09\/FCK-05-Spieler-24-25-16.jpg","width":2000,"height":1333},{"@type":"BreadcrumbList","@id":"https:\/\/regese.ch\/fussball\/1-mannschaft-saison-24-25\/#breadcrumb","itemListElement":[{"@type":"ListItem","position":1,"name":"Home","item":"https:\/\/regese.ch\/fussball\/"},{"@type":"ListItem","position":2,"name":"1. Mannschaft &#8211; Saison 24 &#8211; 25"}]},{"@type":"WebSite","@id":"https:\/\/regese.ch\/fussball\/#website","url":"https:\/\/regese.ch\/fussball\/","name":"Fussballblicke | Fussballbilder vom FC Kreuzlingen. Und mehr","description":"","publisher":{"@id":"https:\/\/regese.ch\/fussball\/#\/schema\/person\/ddd2578315ccba2ed485145ed081d710"},"alternateName":"Fussballbilder FC Kreuzlingen","potentialAction":[{"@type":"SearchAction","target":{"@type":"EntryPoint","urlTemplate":"https:\/\/regese.ch\/fussball\/?s={search_term_string}"},"query-input":{"@type":"PropertyValueSpecification","valueRequired":true,"valueName":"search_term_string"}}],"inLanguage":"de-CH"},{"@type":["Person","Organization"],"@id":"https:\/\/regese.ch\/fussball\/#\/schema\/person\/ddd2578315ccba2ed485145ed081d710","name":"admin","image":{"@type":"ImageObject","inLanguage":"de-CH","@id":"https:\/\/regese.ch\/fussball\/wp-content\/uploads\/2022\/03\/cropped-AdobeStock_294761021-fUSSBALLBLICK-Breit.png","url":"https:\/\/regese.ch\/fussball\/wp-content\/uploads\/2022\/03\/cropped-AdobeStock_294761021-fUSSBALLBLICK-Breit.png","contentUrl":"https:\/\/regese.ch\/fussball\/wp-content\/uploads\/2022\/03\/cropped-AdobeStock_294761021-fUSSBALLBLICK-Breit.png","width":1500,"height":300,"caption":"admin"},"logo":{"@id":"https:\/\/regese.ch\/fussball\/wp-content\/uploads\/2022\/03\/cropped-AdobeStock_294761021-fUSSBALLBLICK-Breit.png"},"sameAs":["instagram.com\/fck05_ese"]}]}},"_links":{"self":[{"href":"https:\/\/regese.ch\/fussball\/wp-json\/wp\/v2\/pages\/18957","targetHints":{"allow":["GET"]}}],"collection":[{"href":"https:\/\/regese.ch\/fussball\/wp-json\/wp\/v2\/pages"}],"about":[{"href":"https:\/\/regese.ch\/fussball\/wp-json\/wp\/v2\/types\/page"}],"author":[{"embeddable":true,"href":"https:\/\/regese.ch\/fussball\/wp-json\/wp\/v2\/users\/1"}],"replies":[{"embeddable":true,"href":"https:\/\/regese.ch\/fussball\/wp-json\/wp\/v2\/comments?post=18957"}],"version-history":[{"count":5,"href":"https:\/\/regese.ch\/fussball\/wp-json\/wp\/v2\/pages\/18957\/revisions"}],"predecessor-version":[{"id":18964,"href":"https:\/\/regese.ch\/fussball\/wp-json\/wp\/v2\/pages\/18957\/revisions\/18964"}],"wp:attachment":[{"href":"https:\/\/regese.ch\/fussball\/wp-json\/wp\/v2\/media?parent=18957"}],"curies":[{"name":"wp","href":"https:\/\/api.w.org\/{rel}","templated":true}]}}