{"id":18689,"date":"2024-08-11T21:23:26","date_gmt":"2024-08-11T19:23:26","guid":{"rendered":"https:\/\/regese.ch\/fussball\/?page_id=18689"},"modified":"2024-08-11T21:23:28","modified_gmt":"2024-08-11T19:23:28","slug":"fc-kreuzlingen-05-meisterschaft-24-25","status":"publish","type":"page","link":"https:\/\/regese.ch\/fussball\/fc-kreuzlingen-05-meisterschaft-24-25\/","title":{"rendered":"FC Kreuzlingen 05 &#8211; Meisterschaft 24 &#8211; 25"},"content":{"rendered":"\n<p>Was k\u00f6nnen wir von unserer 1. Mannschaft in dieser Saison erwarten nach dem hervorragenden dritten Tabellenplatz? Der Kern des Team nimmt ist geblieben und nimmt die dritte Spielzeit in der 1. Liga Classic in Angriff. Das spricht f\u00fcr eine intakte Mannschaft und einen toll funktionierenden Verein, der auf die Unterst\u00fctzung von treuen Fans z\u00e4hlen darf.<\/p>\n\n\n\n<figure class=\"wp-block-image size-full\"><img loading=\"lazy\" decoding=\"async\" width=\"2000\" height=\"1333\" src=\"https:\/\/regese.ch\/fussball\/wp-content\/uploads\/2024\/05\/FCK05-GCU21-26-05-24-51.jpg\" alt=\"\" class=\"wp-image-17974\" srcset=\"https:\/\/regese.ch\/fussball\/wp-content\/uploads\/2024\/05\/FCK05-GCU21-26-05-24-51.jpg 2000w, https:\/\/regese.ch\/fussball\/wp-content\/uploads\/2024\/05\/FCK05-GCU21-26-05-24-51-300x200.jpg 300w, https:\/\/regese.ch\/fussball\/wp-content\/uploads\/2024\/05\/FCK05-GCU21-26-05-24-51-150x100.jpg 150w, https:\/\/regese.ch\/fussball\/wp-content\/uploads\/2024\/05\/FCK05-GCU21-26-05-24-51-768x512.jpg 768w, https:\/\/regese.ch\/fussball\/wp-content\/uploads\/2024\/05\/FCK05-GCU21-26-05-24-51-1536x1024.jpg 1536w, https:\/\/regese.ch\/fussball\/wp-content\/uploads\/2024\/05\/FCK05-GCU21-26-05-24-51-128x85.jpg 128w, https:\/\/regese.ch\/fussball\/wp-content\/uploads\/2024\/05\/FCK05-GCU21-26-05-24-51-32x21.jpg 32w\" sizes=\"auto, (max-width: 2000px) 100vw, 2000px\" \/><\/figure>\n\n\n\n<p><a href=\"https:\/\/www.hafetschutter.ch\/1920087_fanzine-vorschau-und-spielplan-1-liga-saison-24-25\" target=\"_blank\" rel=\"noreferrer noopener\">Hafetschutter <\/a>hat in seinem Blog eine tolle Vorschau geschrieben.<br>Wir freuen uns auf die kommenden Spiele. Hopp FCK 05!<\/p>\n\n\n\n<p><\/p>\n\n\n\n<p><\/p>\n\n\n\n<p><\/p>\n","protected":false},"excerpt":{"rendered":"<p>Was k\u00f6nnen wir von unserer 1. Mannschaft in dieser Saison erwarten nach dem hervorragenden dritten Tabellenplatz? Der Kern des Team nimmt ist geblieben und nimmt die dritte Spielzeit in der 1. Liga Classic in Angriff. Das spricht f\u00fcr eine intakte Mannschaft und einen toll funktionierenden Verein, der auf die Unterst\u00fctzung von treuen Fans z\u00e4hlen darf. &#8230; <a title=\"FC Kreuzlingen 05 &#8211; Meisterschaft 24 &#8211; 25\" class=\"read-more\" href=\"https:\/\/regese.ch\/fussball\/fc-kreuzlingen-05-meisterschaft-24-25\/\" aria-label=\"Read more about FC Kreuzlingen 05 &#8211; Meisterschaft 24 &#8211; 25\">Read more<\/a><\/p>\n","protected":false},"author":1,"featured_media":0,"parent":0,"menu_order":0,"comment_status":"closed","ping_status":"closed","template":"","meta":{"footnotes":""},"class_list":["post-18689","page","type-page","status-publish"],"yoast_head":"<!-- This site is optimized with the Yoast SEO plugin v27.4 - https:\/\/yoast.com\/product\/yoast-seo-wordpress\/ -->\n<title>FC Kreuzlingen 05 - Meisterschaft 24 - 25 | Fussballblicke | Erich Seeger<\/title>\n<meta name=\"robots\" content=\"index, follow, max-snippet:-1, max-image-preview:large, max-video-preview:-1\" \/>\n<link rel=\"canonical\" href=\"https:\/\/regese.ch\/fussball\/fc-kreuzlingen-05-meisterschaft-24-25\/\" \/>\n<meta property=\"og:locale\" content=\"de_DE\" \/>\n<meta property=\"og:type\" content=\"article\" \/>\n<meta property=\"og:title\" content=\"FC Kreuzlingen 05 - Meisterschaft 24 - 25 | Fussballblicke | Erich Seeger\" \/>\n<meta property=\"og:description\" content=\"Was k\u00f6nnen wir von unserer 1. Mannschaft in dieser Saison erwarten nach dem hervorragenden dritten Tabellenplatz? Der Kern des Team nimmt ist geblieben und nimmt die dritte Spielzeit in der 1. Liga Classic in Angriff. Das spricht f\u00fcr eine intakte Mannschaft und einen toll funktionierenden Verein, der auf die Unterst\u00fctzung von treuen Fans z\u00e4hlen darf. ... Read more\" \/>\n<meta property=\"og:url\" content=\"https:\/\/regese.ch\/fussball\/fc-kreuzlingen-05-meisterschaft-24-25\/\" \/>\n<meta property=\"og:site_name\" content=\"Fussballblicke\" \/>\n<meta property=\"article:modified_time\" content=\"2024-08-11T19:23:28+00:00\" \/>\n<meta property=\"og:image\" content=\"https:\/\/regese.ch\/fussball\/wp-content\/uploads\/2024\/05\/FCK05-GCU21-26-05-24-51.jpg\" \/>\n<meta name=\"twitter:card\" content=\"summary_large_image\" \/>\n<meta name=\"twitter:label1\" content=\"Gesch\u00e4tzte Lesezeit\" \/>\n\t<meta name=\"twitter:data1\" content=\"1\u00a0Minute\" \/>\n<script type=\"application\/ld+json\" class=\"yoast-schema-graph\">{\"@context\":\"https:\\\/\\\/schema.org\",\"@graph\":[{\"@type\":\"WebPage\",\"@id\":\"https:\\\/\\\/regese.ch\\\/fussball\\\/fc-kreuzlingen-05-meisterschaft-24-25\\\/\",\"url\":\"https:\\\/\\\/regese.ch\\\/fussball\\\/fc-kreuzlingen-05-meisterschaft-24-25\\\/\",\"name\":\"FC Kreuzlingen 05 - Meisterschaft 24 - 25 | Fussballblicke | Erich Seeger\",\"isPartOf\":{\"@id\":\"https:\\\/\\\/regese.ch\\\/fussball\\\/#website\"},\"primaryImageOfPage\":{\"@id\":\"https:\\\/\\\/regese.ch\\\/fussball\\\/fc-kreuzlingen-05-meisterschaft-24-25\\\/#primaryimage\"},\"image\":{\"@id\":\"https:\\\/\\\/regese.ch\\\/fussball\\\/fc-kreuzlingen-05-meisterschaft-24-25\\\/#primaryimage\"},\"thumbnailUrl\":\"https:\\\/\\\/regese.ch\\\/fussball\\\/wp-content\\\/uploads\\\/2024\\\/05\\\/FCK05-GCU21-26-05-24-51.jpg\",\"datePublished\":\"2024-08-11T19:23:26+00:00\",\"dateModified\":\"2024-08-11T19:23:28+00:00\",\"breadcrumb\":{\"@id\":\"https:\\\/\\\/regese.ch\\\/fussball\\\/fc-kreuzlingen-05-meisterschaft-24-25\\\/#breadcrumb\"},\"inLanguage\":\"de-CH\",\"potentialAction\":[{\"@type\":\"ReadAction\",\"target\":[\"https:\\\/\\\/regese.ch\\\/fussball\\\/fc-kreuzlingen-05-meisterschaft-24-25\\\/\"]}]},{\"@type\":\"ImageObject\",\"inLanguage\":\"de-CH\",\"@id\":\"https:\\\/\\\/regese.ch\\\/fussball\\\/fc-kreuzlingen-05-meisterschaft-24-25\\\/#primaryimage\",\"url\":\"https:\\\/\\\/regese.ch\\\/fussball\\\/wp-content\\\/uploads\\\/2024\\\/05\\\/FCK05-GCU21-26-05-24-51.jpg\",\"contentUrl\":\"https:\\\/\\\/regese.ch\\\/fussball\\\/wp-content\\\/uploads\\\/2024\\\/05\\\/FCK05-GCU21-26-05-24-51.jpg\",\"width\":2000,\"height\":1333},{\"@type\":\"BreadcrumbList\",\"@id\":\"https:\\\/\\\/regese.ch\\\/fussball\\\/fc-kreuzlingen-05-meisterschaft-24-25\\\/#breadcrumb\",\"itemListElement\":[{\"@type\":\"ListItem\",\"position\":1,\"name\":\"Home\",\"item\":\"https:\\\/\\\/regese.ch\\\/fussball\\\/\"},{\"@type\":\"ListItem\",\"position\":2,\"name\":\"FC Kreuzlingen 05 &#8211; Meisterschaft 24 &#8211; 25\"}]},{\"@type\":\"WebSite\",\"@id\":\"https:\\\/\\\/regese.ch\\\/fussball\\\/#website\",\"url\":\"https:\\\/\\\/regese.ch\\\/fussball\\\/\",\"name\":\"Fussballblicke | Fussballbilder vom FC Kreuzlingen. Und mehr\",\"description\":\"\",\"publisher\":{\"@id\":\"https:\\\/\\\/regese.ch\\\/fussball\\\/#\\\/schema\\\/person\\\/ddd2578315ccba2ed485145ed081d710\"},\"alternateName\":\"Fussballbilder FC Kreuzlingen\",\"potentialAction\":[{\"@type\":\"SearchAction\",\"target\":{\"@type\":\"EntryPoint\",\"urlTemplate\":\"https:\\\/\\\/regese.ch\\\/fussball\\\/?s={search_term_string}\"},\"query-input\":{\"@type\":\"PropertyValueSpecification\",\"valueRequired\":true,\"valueName\":\"search_term_string\"}}],\"inLanguage\":\"de-CH\"},{\"@type\":[\"Person\",\"Organization\"],\"@id\":\"https:\\\/\\\/regese.ch\\\/fussball\\\/#\\\/schema\\\/person\\\/ddd2578315ccba2ed485145ed081d710\",\"name\":\"admin\",\"image\":{\"@type\":\"ImageObject\",\"inLanguage\":\"de-CH\",\"@id\":\"https:\\\/\\\/regese.ch\\\/fussball\\\/wp-content\\\/uploads\\\/2022\\\/03\\\/cropped-AdobeStock_294761021-fUSSBALLBLICK-Breit.png\",\"url\":\"https:\\\/\\\/regese.ch\\\/fussball\\\/wp-content\\\/uploads\\\/2022\\\/03\\\/cropped-AdobeStock_294761021-fUSSBALLBLICK-Breit.png\",\"contentUrl\":\"https:\\\/\\\/regese.ch\\\/fussball\\\/wp-content\\\/uploads\\\/2022\\\/03\\\/cropped-AdobeStock_294761021-fUSSBALLBLICK-Breit.png\",\"width\":1500,\"height\":300,\"caption\":\"admin\"},\"logo\":{\"@id\":\"https:\\\/\\\/regese.ch\\\/fussball\\\/wp-content\\\/uploads\\\/2022\\\/03\\\/cropped-AdobeStock_294761021-fUSSBALLBLICK-Breit.png\"},\"sameAs\":[\"instagram.com\\\/fck05_ese\"]}]}<\/script>\n<!-- \/ Yoast SEO plugin. -->","yoast_head_json":{"title":"FC Kreuzlingen 05 - Meisterschaft 24 - 25 | Fussballblicke | Erich Seeger","robots":{"index":"index","follow":"follow","max-snippet":"max-snippet:-1","max-image-preview":"max-image-preview:large","max-video-preview":"max-video-preview:-1"},"canonical":"https:\/\/regese.ch\/fussball\/fc-kreuzlingen-05-meisterschaft-24-25\/","og_locale":"de_DE","og_type":"article","og_title":"FC Kreuzlingen 05 - Meisterschaft 24 - 25 | Fussballblicke | Erich Seeger","og_description":"Was k\u00f6nnen wir von unserer 1. Mannschaft in dieser Saison erwarten nach dem hervorragenden dritten Tabellenplatz? Der Kern des Team nimmt ist geblieben und nimmt die dritte Spielzeit in der 1. Liga Classic in Angriff. Das spricht f\u00fcr eine intakte Mannschaft und einen toll funktionierenden Verein, der auf die Unterst\u00fctzung von treuen Fans z\u00e4hlen darf. ... Read more","og_url":"https:\/\/regese.ch\/fussball\/fc-kreuzlingen-05-meisterschaft-24-25\/","og_site_name":"Fussballblicke","article_modified_time":"2024-08-11T19:23:28+00:00","og_image":[{"url":"https:\/\/regese.ch\/fussball\/wp-content\/uploads\/2024\/05\/FCK05-GCU21-26-05-24-51.jpg","type":"","width":"","height":""}],"twitter_card":"summary_large_image","twitter_misc":{"Gesch\u00e4tzte Lesezeit":"1\u00a0Minute"},"schema":{"@context":"https:\/\/schema.org","@graph":[{"@type":"WebPage","@id":"https:\/\/regese.ch\/fussball\/fc-kreuzlingen-05-meisterschaft-24-25\/","url":"https:\/\/regese.ch\/fussball\/fc-kreuzlingen-05-meisterschaft-24-25\/","name":"FC Kreuzlingen 05 - Meisterschaft 24 - 25 | Fussballblicke | Erich Seeger","isPartOf":{"@id":"https:\/\/regese.ch\/fussball\/#website"},"primaryImageOfPage":{"@id":"https:\/\/regese.ch\/fussball\/fc-kreuzlingen-05-meisterschaft-24-25\/#primaryimage"},"image":{"@id":"https:\/\/regese.ch\/fussball\/fc-kreuzlingen-05-meisterschaft-24-25\/#primaryimage"},"thumbnailUrl":"https:\/\/regese.ch\/fussball\/wp-content\/uploads\/2024\/05\/FCK05-GCU21-26-05-24-51.jpg","datePublished":"2024-08-11T19:23:26+00:00","dateModified":"2024-08-11T19:23:28+00:00","breadcrumb":{"@id":"https:\/\/regese.ch\/fussball\/fc-kreuzlingen-05-meisterschaft-24-25\/#breadcrumb"},"inLanguage":"de-CH","potentialAction":[{"@type":"ReadAction","target":["https:\/\/regese.ch\/fussball\/fc-kreuzlingen-05-meisterschaft-24-25\/"]}]},{"@type":"ImageObject","inLanguage":"de-CH","@id":"https:\/\/regese.ch\/fussball\/fc-kreuzlingen-05-meisterschaft-24-25\/#primaryimage","url":"https:\/\/regese.ch\/fussball\/wp-content\/uploads\/2024\/05\/FCK05-GCU21-26-05-24-51.jpg","contentUrl":"https:\/\/regese.ch\/fussball\/wp-content\/uploads\/2024\/05\/FCK05-GCU21-26-05-24-51.jpg","width":2000,"height":1333},{"@type":"BreadcrumbList","@id":"https:\/\/regese.ch\/fussball\/fc-kreuzlingen-05-meisterschaft-24-25\/#breadcrumb","itemListElement":[{"@type":"ListItem","position":1,"name":"Home","item":"https:\/\/regese.ch\/fussball\/"},{"@type":"ListItem","position":2,"name":"FC Kreuzlingen 05 &#8211; Meisterschaft 24 &#8211; 25"}]},{"@type":"WebSite","@id":"https:\/\/regese.ch\/fussball\/#website","url":"https:\/\/regese.ch\/fussball\/","name":"Fussballblicke | Fussballbilder vom FC Kreuzlingen. Und mehr","description":"","publisher":{"@id":"https:\/\/regese.ch\/fussball\/#\/schema\/person\/ddd2578315ccba2ed485145ed081d710"},"alternateName":"Fussballbilder FC Kreuzlingen","potentialAction":[{"@type":"SearchAction","target":{"@type":"EntryPoint","urlTemplate":"https:\/\/regese.ch\/fussball\/?s={search_term_string}"},"query-input":{"@type":"PropertyValueSpecification","valueRequired":true,"valueName":"search_term_string"}}],"inLanguage":"de-CH"},{"@type":["Person","Organization"],"@id":"https:\/\/regese.ch\/fussball\/#\/schema\/person\/ddd2578315ccba2ed485145ed081d710","name":"admin","image":{"@type":"ImageObject","inLanguage":"de-CH","@id":"https:\/\/regese.ch\/fussball\/wp-content\/uploads\/2022\/03\/cropped-AdobeStock_294761021-fUSSBALLBLICK-Breit.png","url":"https:\/\/regese.ch\/fussball\/wp-content\/uploads\/2022\/03\/cropped-AdobeStock_294761021-fUSSBALLBLICK-Breit.png","contentUrl":"https:\/\/regese.ch\/fussball\/wp-content\/uploads\/2022\/03\/cropped-AdobeStock_294761021-fUSSBALLBLICK-Breit.png","width":1500,"height":300,"caption":"admin"},"logo":{"@id":"https:\/\/regese.ch\/fussball\/wp-content\/uploads\/2022\/03\/cropped-AdobeStock_294761021-fUSSBALLBLICK-Breit.png"},"sameAs":["instagram.com\/fck05_ese"]}]}},"_links":{"self":[{"href":"https:\/\/regese.ch\/fussball\/wp-json\/wp\/v2\/pages\/18689","targetHints":{"allow":["GET"]}}],"collection":[{"href":"https:\/\/regese.ch\/fussball\/wp-json\/wp\/v2\/pages"}],"about":[{"href":"https:\/\/regese.ch\/fussball\/wp-json\/wp\/v2\/types\/page"}],"author":[{"embeddable":true,"href":"https:\/\/regese.ch\/fussball\/wp-json\/wp\/v2\/users\/1"}],"replies":[{"embeddable":true,"href":"https:\/\/regese.ch\/fussball\/wp-json\/wp\/v2\/comments?post=18689"}],"version-history":[{"count":1,"href":"https:\/\/regese.ch\/fussball\/wp-json\/wp\/v2\/pages\/18689\/revisions"}],"predecessor-version":[{"id":18690,"href":"https:\/\/regese.ch\/fussball\/wp-json\/wp\/v2\/pages\/18689\/revisions\/18690"}],"wp:attachment":[{"href":"https:\/\/regese.ch\/fussball\/wp-json\/wp\/v2\/media?parent=18689"}],"curies":[{"name":"wp","href":"https:\/\/api.w.org\/{rel}","templated":true}]}}