{"id":16106,"date":"2023-08-07T10:28:57","date_gmt":"2023-08-07T08:28:57","guid":{"rendered":"https:\/\/regese.ch\/fussball\/?page_id=16106"},"modified":"2024-01-29T17:40:23","modified_gmt":"2024-01-29T16:40:23","slug":"1-mannschaft-saison-23-24","status":"publish","type":"page","link":"https:\/\/regese.ch\/fussball\/1-mannschaft-saison-23-24\/","title":{"rendered":"1. Mannschaft &#8211; Saison 23 &#8211; 24 &#8211; R\u00fcckrunde"},"content":{"rendered":"\n<p>Unser FCK 05 kann die zweite Saison in der 1. Liga Classic wiederum mit vielen bew\u00e4hrten Spielern in Angriff nehmen. Der Kern der Mannschaft bleibt erfreulicherweise auch f\u00fcr die R\u00fcckrunde zusammen. Einige junge, talentierte Spieler sind zu uns gestossen. Wir freuen uns, Adrian Rama-Bitterfeld wieder in unseren Reihen begr\u00fcssen zu d\u00fcrfen. Auch der Staff setzt auf Kontinuit\u00e4t und arbeitet in unver\u00e4nderter Zusammensetzung weiter. An der Seitenlinie steht wiederum Michael Pfister und kann auf die Unterst\u00fctzung von K\u00fcrsat z\u00e4hlen. Wir freuen uns, spannende Spiele zu erleben! Hopp FCK!<\/p>\n\n\n\n<p>Die Thurgauer Torwartlegende Pascal Zuberb\u00fchler\/Zubi hatte zum Saisonstart in einer Videobotschaft unserem FCK 05 eine &#171;riesen&#187; Saison gew\u00fcnscht. Wir sind mit dem Gebotenen mehr als zufrieden!<\/p>\n\n\n<div class=\"wp-block-image\">\n<figure class=\"aligncenter size-medium\"><a href=\"https:\/\/www.fck-1905.ch\/zubi-wuenscht-dem-fc-kreuzlingen-eine-grossartige-saison-2023-2024\/\" target=\"_blank\" rel=\"noreferrer noopener\"><img loading=\"lazy\" decoding=\"async\" width=\"211\" height=\"300\" src=\"https:\/\/regese.ch\/fussball\/wp-content\/uploads\/2023\/08\/grafik-211x300.png\" alt=\"\" class=\"wp-image-16275\" srcset=\"https:\/\/regese.ch\/fussball\/wp-content\/uploads\/2023\/08\/grafik-211x300.png 211w, https:\/\/regese.ch\/fussball\/wp-content\/uploads\/2023\/08\/grafik-106x150.png 106w, https:\/\/regese.ch\/fussball\/wp-content\/uploads\/2023\/08\/grafik-90x128.png 90w, https:\/\/regese.ch\/fussball\/wp-content\/uploads\/2023\/08\/grafik-23x32.png 23w, https:\/\/regese.ch\/fussball\/wp-content\/uploads\/2023\/08\/grafik.png 590w\" sizes=\"auto, (max-width: 211px) 100vw, 211px\" \/><\/a><\/figure>\n<\/div>\n\n\n<p>Die dickste Neuerung ist optischer Natur. Unser FCK tr\u00e4gt nicht mehr das &#171;traditionelle&#187; gr\u00fcn-weisse Trikot sondern erstmals ein weisses Shirt mit gr\u00fcnen Hosen und weissen Stulpen. Zum Gl\u00fcck muss ich die gebrauchten Ten\u00fcs nicht waschen&#8230;<\/p>\n\n\n\n<figure class=\"wp-block-image size-full\"><img loading=\"lazy\" decoding=\"async\" width=\"2000\" height=\"1333\" src=\"https:\/\/regese.ch\/fussball\/wp-content\/uploads\/2023\/08\/FCK05-FC-Freienbach_05-08-23-3.jpg\" alt=\"\" class=\"wp-image-16198\" srcset=\"https:\/\/regese.ch\/fussball\/wp-content\/uploads\/2023\/08\/FCK05-FC-Freienbach_05-08-23-3.jpg 2000w, https:\/\/regese.ch\/fussball\/wp-content\/uploads\/2023\/08\/FCK05-FC-Freienbach_05-08-23-3-300x200.jpg 300w, https:\/\/regese.ch\/fussball\/wp-content\/uploads\/2023\/08\/FCK05-FC-Freienbach_05-08-23-3-150x100.jpg 150w, https:\/\/regese.ch\/fussball\/wp-content\/uploads\/2023\/08\/FCK05-FC-Freienbach_05-08-23-3-768x512.jpg 768w, https:\/\/regese.ch\/fussball\/wp-content\/uploads\/2023\/08\/FCK05-FC-Freienbach_05-08-23-3-1536x1024.jpg 1536w, https:\/\/regese.ch\/fussball\/wp-content\/uploads\/2023\/08\/FCK05-FC-Freienbach_05-08-23-3-128x85.jpg 128w, https:\/\/regese.ch\/fussball\/wp-content\/uploads\/2023\/08\/FCK05-FC-Freienbach_05-08-23-3-32x21.jpg 32w\" sizes=\"auto, (max-width: 2000px) 100vw, 2000px\" \/><\/figure>\n\n\n\n<p>Mit dieser Mannschaft nimmt unser Team die R\u00fcckrunde der Saison 23-24 in Angriff.<\/p>\n\n\n\n<figure class=\"wp-block-image size-large\"><img loading=\"lazy\" decoding=\"async\" width=\"2000\" height=\"1333\" src=\"https:\/\/regese.ch\/fussball\/wp-content\/uploads\/2024\/01\/FCK-Mannschaft-23-24-11-1-2000x1333.jpg\" alt=\"\" class=\"wp-image-17155\" srcset=\"https:\/\/regese.ch\/fussball\/wp-content\/uploads\/2024\/01\/FCK-Mannschaft-23-24-11-1-2000x1333.jpg 2000w, https:\/\/regese.ch\/fussball\/wp-content\/uploads\/2024\/01\/FCK-Mannschaft-23-24-11-1-300x200.jpg 300w, https:\/\/regese.ch\/fussball\/wp-content\/uploads\/2024\/01\/FCK-Mannschaft-23-24-11-1-150x100.jpg 150w, https:\/\/regese.ch\/fussball\/wp-content\/uploads\/2024\/01\/FCK-Mannschaft-23-24-11-1-768x512.jpg 768w\" sizes=\"auto, (max-width: 2000px) 100vw, 2000px\" \/><\/figure>\n\n\n\n<p>Hier die aktuelle Kaderzusammenstellung f\u00fcr die Saison 23-24.<\/p>\n\n\n<div class=\"sportspress\">\n\t\t<div id='sp-player-gallery-16110' class='gallery galleryid-16110 gallery-columns-3 gallery-size-sportspress-crop-medium'>\t<div class=\"sp-template sp-template-player-gallery sp-template-gallery\"><div class=\"sp-player-gallery-wrapper sp-gallery-wrapper\"><dl class='gallery-item'>\n\t<dt class='gallery-icon portrait'><a href=\"https:\/\/regese.ch\/fussball\/player\/dominic-philips\/\"><img loading=\"lazy\" decoding=\"async\" width=\"300\" height=\"300\" src=\"https:\/\/regese.ch\/fussball\/wp-content\/uploads\/2023\/08\/Portraet-FCK-05-Web-1x1_23-24-25-300x300.jpg\" class=\"attachment-sportspress-crop-medium size-sportspress-crop-medium wp-post-image\" alt=\"\" \/><\/a><\/dt><a href=\"https:\/\/regese.ch\/fussball\/player\/dominic-philips\/\"><dd class=\"wp-caption-text gallery-caption small-3 columns\">Dominic Philips<\/dd><\/a><\/dl><dl class='gallery-item'>\n\t<dt class='gallery-icon portrait'><a href=\"https:\/\/regese.ch\/fussball\/player\/philipp-mueller-2\/\"><img loading=\"lazy\" decoding=\"async\" width=\"300\" height=\"300\" src=\"https:\/\/regese.ch\/fussball\/wp-content\/uploads\/2023\/08\/Portraet-FCK-05-Web-1x1_23-24-10-300x300.jpg\" class=\"attachment-sportspress-crop-medium size-sportspress-crop-medium wp-post-image\" alt=\"\" \/><\/a><\/dt><a href=\"https:\/\/regese.ch\/fussball\/player\/philipp-mueller-2\/\"><dd class=\"wp-caption-text gallery-caption small-3 columns has-number\"><strong>1<\/strong> Philipp M\u00fcller<\/dd><\/a><\/dl><dl class='gallery-item'>\n\t<dt class='gallery-icon portrait'><a href=\"https:\/\/regese.ch\/fussball\/player\/zenel-hasani\/\"><img loading=\"lazy\" decoding=\"async\" width=\"300\" height=\"300\" src=\"https:\/\/regese.ch\/fussball\/wp-content\/uploads\/2024\/01\/Portraet-24-1x1-4-300x300.jpg\" class=\"attachment-sportspress-crop-medium size-sportspress-crop-medium wp-post-image\" alt=\"\" \/><\/a><\/dt><a href=\"https:\/\/regese.ch\/fussball\/player\/zenel-hasani\/\"><dd class=\"wp-caption-text gallery-caption small-3 columns has-number\"><strong>5<\/strong> Zenel Hasani<\/dd><\/a><\/dl><dl class='gallery-item'>\n\t<dt class='gallery-icon portrait'><a href=\"https:\/\/regese.ch\/fussball\/player\/philipp-juchli\/\"><img loading=\"lazy\" decoding=\"async\" width=\"300\" height=\"300\" src=\"https:\/\/regese.ch\/fussball\/wp-content\/uploads\/2023\/08\/Portraet-FCK-05-Web-1x1_23-24-5-300x300.jpg\" class=\"attachment-sportspress-crop-medium size-sportspress-crop-medium wp-post-image\" alt=\"\" \/><\/a><\/dt><a href=\"https:\/\/regese.ch\/fussball\/player\/philipp-juchli\/\"><dd class=\"wp-caption-text gallery-caption small-3 columns has-number\"><strong>6<\/strong> Philipp Juchli<\/dd><\/a><\/dl><dl class='gallery-item'>\n\t<dt class='gallery-icon portrait'><a href=\"https:\/\/regese.ch\/fussball\/player\/midhad-arifagic-2\/\"><img loading=\"lazy\" decoding=\"async\" width=\"300\" height=\"300\" src=\"https:\/\/regese.ch\/fussball\/wp-content\/uploads\/2024\/01\/Portraet-24-1x1-1-300x300.jpg\" class=\"attachment-sportspress-crop-medium size-sportspress-crop-medium wp-post-image\" alt=\"\" \/><\/a><\/dt><a href=\"https:\/\/regese.ch\/fussball\/player\/midhad-arifagic-2\/\"><dd class=\"wp-caption-text gallery-caption small-3 columns has-number\"><strong>7<\/strong> Midhad Arifagic<\/dd><\/a><\/dl><dl class='gallery-item'>\n\t<dt class='gallery-icon portrait'><a href=\"https:\/\/regese.ch\/fussball\/player\/sven-bode-2\/\"><img loading=\"lazy\" decoding=\"async\" width=\"300\" height=\"300\" src=\"https:\/\/regese.ch\/fussball\/wp-content\/uploads\/2023\/08\/Portraet-FCK-05-Web-1x1_23-24-4-300x300.jpg\" class=\"attachment-sportspress-crop-medium size-sportspress-crop-medium wp-post-image\" alt=\"\" \/><\/a><\/dt><a href=\"https:\/\/regese.ch\/fussball\/player\/sven-bode-2\/\"><dd class=\"wp-caption-text gallery-caption small-3 columns has-number\"><strong>11<\/strong> Sven Bode<\/dd><\/a><\/dl><dl class='gallery-item'>\n\t<dt class='gallery-icon portrait'><a href=\"https:\/\/regese.ch\/fussball\/player\/joao-pereira\/\"><img loading=\"lazy\" decoding=\"async\" width=\"300\" height=\"300\" src=\"https:\/\/regese.ch\/fussball\/wp-content\/uploads\/2024\/01\/Portraet-24-1x1-3-300x300.jpg\" class=\"attachment-sportspress-crop-medium size-sportspress-crop-medium wp-post-image\" alt=\"\" \/><\/a><\/dt><a href=\"https:\/\/regese.ch\/fussball\/player\/joao-pereira\/\"><dd class=\"wp-caption-text gallery-caption small-3 columns has-number\"><strong>13<\/strong> Joao Pereira<\/dd><\/a><\/dl><dl class='gallery-item'>\n\t<dt class='gallery-icon portrait'><a href=\"https:\/\/regese.ch\/fussball\/player\/benjamin-braendli\/\"><img loading=\"lazy\" decoding=\"async\" width=\"300\" height=\"300\" src=\"https:\/\/regese.ch\/fussball\/wp-content\/uploads\/2024\/01\/Portraet-24-1x1-6-300x300.jpg\" class=\"attachment-sportspress-crop-medium size-sportspress-crop-medium wp-post-image\" alt=\"\" \/><\/a><\/dt><a href=\"https:\/\/regese.ch\/fussball\/player\/benjamin-braendli\/\"><dd class=\"wp-caption-text gallery-caption small-3 columns has-number\"><strong>14<\/strong> Benjamin Br\u00e4ndli<\/dd><\/a><\/dl><dl class='gallery-item'>\n\t<dt class='gallery-icon portrait'><a href=\"https:\/\/regese.ch\/fussball\/player\/amil-limani\/\"><img loading=\"lazy\" decoding=\"async\" width=\"300\" height=\"300\" src=\"https:\/\/regese.ch\/fussball\/wp-content\/uploads\/2023\/08\/Portraet-FCK-05-Web-1x1_23-24-20-300x300.jpg\" class=\"attachment-sportspress-crop-medium size-sportspress-crop-medium wp-post-image\" alt=\"\" \/><\/a><\/dt><a href=\"https:\/\/regese.ch\/fussball\/player\/amil-limani\/\"><dd class=\"wp-caption-text gallery-caption small-3 columns has-number\"><strong>18<\/strong> Amil Limani<\/dd><\/a><\/dl><dl class='gallery-item'>\n\t<dt class='gallery-icon portrait'><a href=\"https:\/\/regese.ch\/fussball\/player\/amel-limani\/\"><img loading=\"lazy\" decoding=\"async\" width=\"300\" height=\"300\" src=\"https:\/\/regese.ch\/fussball\/wp-content\/uploads\/2023\/08\/Portraet-FCK-05-Web-1x1_23-24-21-300x300.jpg\" class=\"attachment-sportspress-crop-medium size-sportspress-crop-medium wp-post-image\" alt=\"\" \/><\/a><\/dt><a href=\"https:\/\/regese.ch\/fussball\/player\/amel-limani\/\"><dd class=\"wp-caption-text gallery-caption small-3 columns has-number\"><strong>18<\/strong> Amel Limani<\/dd><\/a><\/dl><dl class='gallery-item'>\n\t<dt class='gallery-icon portrait'><a href=\"https:\/\/regese.ch\/fussball\/player\/male-tolay\/\"><img loading=\"lazy\" decoding=\"async\" width=\"300\" height=\"300\" src=\"https:\/\/regese.ch\/fussball\/wp-content\/uploads\/2024\/01\/xxx_Portraet-24-1x1-1-300x300.jpg\" class=\"attachment-sportspress-crop-medium size-sportspress-crop-medium wp-post-image\" alt=\"\" \/><\/a><\/dt><a href=\"https:\/\/regese.ch\/fussball\/player\/male-tolay\/\"><dd class=\"wp-caption-text gallery-caption small-3 columns has-number\"><strong>23<\/strong> Male Tolay<\/dd><\/a><\/dl><dl class='gallery-item'>\n\t<dt class='gallery-icon portrait'><a href=\"https:\/\/regese.ch\/fussball\/player\/manuel-ferrone-2\/\"><img loading=\"lazy\" decoding=\"async\" width=\"300\" height=\"300\" src=\"https:\/\/regese.ch\/fussball\/wp-content\/uploads\/2023\/08\/Portraet-FCK-05-Web-1x1_23-24-3-300x300.jpg\" class=\"attachment-sportspress-crop-medium size-sportspress-crop-medium wp-post-image\" alt=\"\" \/><\/a><\/dt><a href=\"https:\/\/regese.ch\/fussball\/player\/manuel-ferrone-2\/\"><dd class=\"wp-caption-text gallery-caption small-3 columns has-number\"><strong>25<\/strong> Manuel Ferrone<\/dd><\/a><\/dl><dl class='gallery-item'>\n\t<dt class='gallery-icon portrait'><a href=\"https:\/\/regese.ch\/fussball\/player\/lorenzo-lo-russo\/\"><img loading=\"lazy\" decoding=\"async\" width=\"300\" height=\"300\" src=\"https:\/\/regese.ch\/fussball\/wp-content\/uploads\/2023\/08\/Portraet-FCK-05-Web-1x1_23-24-18-300x300.jpg\" class=\"attachment-sportspress-crop-medium size-sportspress-crop-medium wp-post-image\" alt=\"\" \/><\/a><\/dt><a href=\"https:\/\/regese.ch\/fussball\/player\/lorenzo-lo-russo\/\"><dd class=\"wp-caption-text gallery-caption small-3 columns has-number\"><strong>31<\/strong> Lorenzo Lo Russo<\/dd><\/a><\/dl><dl class='gallery-item'>\n\t<dt class='gallery-icon portrait'><a href=\"https:\/\/regese.ch\/fussball\/player\/rikard-oroshi\/\"><img loading=\"lazy\" decoding=\"async\" width=\"300\" height=\"300\" src=\"https:\/\/regese.ch\/fussball\/wp-content\/uploads\/2024\/01\/xxx_Portraet-24-1x1-1-2-300x300.jpg\" class=\"attachment-sportspress-crop-medium size-sportspress-crop-medium wp-post-image\" alt=\"\" \/><\/a><\/dt><a href=\"https:\/\/regese.ch\/fussball\/player\/rikard-oroshi\/\"><dd class=\"wp-caption-text gallery-caption small-3 columns has-number\"><strong>33<\/strong> Rikard Oroshi<\/dd><\/a><\/dl><dl class='gallery-item'>\n\t<dt class='gallery-icon portrait'><a href=\"https:\/\/regese.ch\/fussball\/player\/stojan-miljic-2\/\"><img loading=\"lazy\" decoding=\"async\" width=\"300\" height=\"300\" src=\"https:\/\/regese.ch\/fussball\/wp-content\/uploads\/2024\/01\/Portraet-24-1x1-5-300x300.jpg\" class=\"attachment-sportspress-crop-medium size-sportspress-crop-medium wp-post-image\" alt=\"\" \/><\/a><\/dt><a href=\"https:\/\/regese.ch\/fussball\/player\/stojan-miljic-2\/\"><dd class=\"wp-caption-text gallery-caption small-3 columns has-number\"><strong>99<\/strong> Stojan Miljic<\/dd><\/a><\/dl><\/div><\/div><\/div>\n<\/div>\n\n\n\n<p><\/p>\n\n\n\n<p><\/p>\n","protected":false},"excerpt":{"rendered":"<p>Unser FCK 05 kann die zweite Saison in der 1. Liga Classic wiederum mit vielen bew\u00e4hrten Spielern in Angriff nehmen. Der Kern der Mannschaft bleibt erfreulicherweise auch f\u00fcr die R\u00fcckrunde zusammen. Einige junge, talentierte Spieler sind zu uns gestossen. Wir freuen uns, Adrian Rama-Bitterfeld wieder in unseren Reihen begr\u00fcssen zu d\u00fcrfen. Auch der Staff setzt &#8230; <a title=\"1. Mannschaft &#8211; Saison 23 &#8211; 24 &#8211; R\u00fcckrunde\" class=\"read-more\" href=\"https:\/\/regese.ch\/fussball\/1-mannschaft-saison-23-24\/\" aria-label=\"Read more about 1. Mannschaft &#8211; Saison 23 &#8211; 24 &#8211; R\u00fcckrunde\">Read more<\/a><\/p>\n","protected":false},"author":1,"featured_media":0,"parent":0,"menu_order":0,"comment_status":"closed","ping_status":"closed","template":"","meta":{"footnotes":""},"class_list":["post-16106","page","type-page","status-publish"],"yoast_head":"<!-- This site is optimized with the Yoast SEO plugin v27.4 - https:\/\/yoast.com\/product\/yoast-seo-wordpress\/ -->\n<title>1. Mannschaft - Saison 23 - 24 - R\u00fcckrunde | Fussballblicke | Erich Seeger<\/title>\n<meta name=\"robots\" content=\"index, follow, max-snippet:-1, max-image-preview:large, max-video-preview:-1\" \/>\n<link rel=\"canonical\" href=\"https:\/\/regese.ch\/fussball\/1-mannschaft-saison-23-24\/\" \/>\n<meta property=\"og:locale\" content=\"de_DE\" \/>\n<meta property=\"og:type\" content=\"article\" \/>\n<meta property=\"og:title\" content=\"1. Mannschaft - Saison 23 - 24 - R\u00fcckrunde | Fussballblicke | Erich Seeger\" \/>\n<meta property=\"og:description\" content=\"Unser FCK 05 kann die zweite Saison in der 1. Liga Classic wiederum mit vielen bew\u00e4hrten Spielern in Angriff nehmen. Der Kern der Mannschaft bleibt erfreulicherweise auch f\u00fcr die R\u00fcckrunde zusammen. Einige junge, talentierte Spieler sind zu uns gestossen. Wir freuen uns, Adrian Rama-Bitterfeld wieder in unseren Reihen begr\u00fcssen zu d\u00fcrfen. Auch der Staff setzt ... Read more\" \/>\n<meta property=\"og:url\" content=\"https:\/\/regese.ch\/fussball\/1-mannschaft-saison-23-24\/\" \/>\n<meta property=\"og:site_name\" content=\"Fussballblicke\" \/>\n<meta property=\"article:modified_time\" content=\"2024-01-29T16:40:23+00:00\" \/>\n<meta property=\"og:image\" content=\"https:\/\/regese.ch\/fussball\/wp-content\/uploads\/2023\/08\/grafik-211x300.png\" \/>\n<meta name=\"twitter:card\" content=\"summary_large_image\" \/>\n<meta name=\"twitter:label1\" content=\"Gesch\u00e4tzte Lesezeit\" \/>\n\t<meta name=\"twitter:data1\" content=\"1\u00a0Minute\" \/>\n<script type=\"application\/ld+json\" class=\"yoast-schema-graph\">{\"@context\":\"https:\\\/\\\/schema.org\",\"@graph\":[{\"@type\":\"WebPage\",\"@id\":\"https:\\\/\\\/regese.ch\\\/fussball\\\/1-mannschaft-saison-23-24\\\/\",\"url\":\"https:\\\/\\\/regese.ch\\\/fussball\\\/1-mannschaft-saison-23-24\\\/\",\"name\":\"1. Mannschaft - Saison 23 - 24 - R\u00fcckrunde | Fussballblicke | Erich Seeger\",\"isPartOf\":{\"@id\":\"https:\\\/\\\/regese.ch\\\/fussball\\\/#website\"},\"primaryImageOfPage\":{\"@id\":\"https:\\\/\\\/regese.ch\\\/fussball\\\/1-mannschaft-saison-23-24\\\/#primaryimage\"},\"image\":{\"@id\":\"https:\\\/\\\/regese.ch\\\/fussball\\\/1-mannschaft-saison-23-24\\\/#primaryimage\"},\"thumbnailUrl\":\"https:\\\/\\\/regese.ch\\\/fussball\\\/wp-content\\\/uploads\\\/2023\\\/08\\\/grafik-211x300.png\",\"datePublished\":\"2023-08-07T08:28:57+00:00\",\"dateModified\":\"2024-01-29T16:40:23+00:00\",\"breadcrumb\":{\"@id\":\"https:\\\/\\\/regese.ch\\\/fussball\\\/1-mannschaft-saison-23-24\\\/#breadcrumb\"},\"inLanguage\":\"de-CH\",\"potentialAction\":[{\"@type\":\"ReadAction\",\"target\":[\"https:\\\/\\\/regese.ch\\\/fussball\\\/1-mannschaft-saison-23-24\\\/\"]}]},{\"@type\":\"ImageObject\",\"inLanguage\":\"de-CH\",\"@id\":\"https:\\\/\\\/regese.ch\\\/fussball\\\/1-mannschaft-saison-23-24\\\/#primaryimage\",\"url\":\"https:\\\/\\\/regese.ch\\\/fussball\\\/wp-content\\\/uploads\\\/2023\\\/08\\\/grafik.png\",\"contentUrl\":\"https:\\\/\\\/regese.ch\\\/fussball\\\/wp-content\\\/uploads\\\/2023\\\/08\\\/grafik.png\",\"width\":590,\"height\":838},{\"@type\":\"BreadcrumbList\",\"@id\":\"https:\\\/\\\/regese.ch\\\/fussball\\\/1-mannschaft-saison-23-24\\\/#breadcrumb\",\"itemListElement\":[{\"@type\":\"ListItem\",\"position\":1,\"name\":\"Home\",\"item\":\"https:\\\/\\\/regese.ch\\\/fussball\\\/\"},{\"@type\":\"ListItem\",\"position\":2,\"name\":\"1. Mannschaft &#8211; Saison 23 &#8211; 24 &#8211; R\u00fcckrunde\"}]},{\"@type\":\"WebSite\",\"@id\":\"https:\\\/\\\/regese.ch\\\/fussball\\\/#website\",\"url\":\"https:\\\/\\\/regese.ch\\\/fussball\\\/\",\"name\":\"Fussballblicke | Fussballbilder vom FC Kreuzlingen. Und mehr\",\"description\":\"\",\"publisher\":{\"@id\":\"https:\\\/\\\/regese.ch\\\/fussball\\\/#\\\/schema\\\/person\\\/ddd2578315ccba2ed485145ed081d710\"},\"alternateName\":\"Fussballbilder FC Kreuzlingen\",\"potentialAction\":[{\"@type\":\"SearchAction\",\"target\":{\"@type\":\"EntryPoint\",\"urlTemplate\":\"https:\\\/\\\/regese.ch\\\/fussball\\\/?s={search_term_string}\"},\"query-input\":{\"@type\":\"PropertyValueSpecification\",\"valueRequired\":true,\"valueName\":\"search_term_string\"}}],\"inLanguage\":\"de-CH\"},{\"@type\":[\"Person\",\"Organization\"],\"@id\":\"https:\\\/\\\/regese.ch\\\/fussball\\\/#\\\/schema\\\/person\\\/ddd2578315ccba2ed485145ed081d710\",\"name\":\"admin\",\"image\":{\"@type\":\"ImageObject\",\"inLanguage\":\"de-CH\",\"@id\":\"https:\\\/\\\/regese.ch\\\/fussball\\\/wp-content\\\/uploads\\\/2022\\\/03\\\/cropped-AdobeStock_294761021-fUSSBALLBLICK-Breit.png\",\"url\":\"https:\\\/\\\/regese.ch\\\/fussball\\\/wp-content\\\/uploads\\\/2022\\\/03\\\/cropped-AdobeStock_294761021-fUSSBALLBLICK-Breit.png\",\"contentUrl\":\"https:\\\/\\\/regese.ch\\\/fussball\\\/wp-content\\\/uploads\\\/2022\\\/03\\\/cropped-AdobeStock_294761021-fUSSBALLBLICK-Breit.png\",\"width\":1500,\"height\":300,\"caption\":\"admin\"},\"logo\":{\"@id\":\"https:\\\/\\\/regese.ch\\\/fussball\\\/wp-content\\\/uploads\\\/2022\\\/03\\\/cropped-AdobeStock_294761021-fUSSBALLBLICK-Breit.png\"},\"sameAs\":[\"instagram.com\\\/fck05_ese\"]}]}<\/script>\n<!-- \/ Yoast SEO plugin. -->","yoast_head_json":{"title":"1. Mannschaft - Saison 23 - 24 - R\u00fcckrunde | Fussballblicke | Erich Seeger","robots":{"index":"index","follow":"follow","max-snippet":"max-snippet:-1","max-image-preview":"max-image-preview:large","max-video-preview":"max-video-preview:-1"},"canonical":"https:\/\/regese.ch\/fussball\/1-mannschaft-saison-23-24\/","og_locale":"de_DE","og_type":"article","og_title":"1. Mannschaft - Saison 23 - 24 - R\u00fcckrunde | Fussballblicke | Erich Seeger","og_description":"Unser FCK 05 kann die zweite Saison in der 1. Liga Classic wiederum mit vielen bew\u00e4hrten Spielern in Angriff nehmen. Der Kern der Mannschaft bleibt erfreulicherweise auch f\u00fcr die R\u00fcckrunde zusammen. Einige junge, talentierte Spieler sind zu uns gestossen. Wir freuen uns, Adrian Rama-Bitterfeld wieder in unseren Reihen begr\u00fcssen zu d\u00fcrfen. Auch der Staff setzt ... Read more","og_url":"https:\/\/regese.ch\/fussball\/1-mannschaft-saison-23-24\/","og_site_name":"Fussballblicke","article_modified_time":"2024-01-29T16:40:23+00:00","og_image":[{"url":"https:\/\/regese.ch\/fussball\/wp-content\/uploads\/2023\/08\/grafik-211x300.png","type":"","width":"","height":""}],"twitter_card":"summary_large_image","twitter_misc":{"Gesch\u00e4tzte Lesezeit":"1\u00a0Minute"},"schema":{"@context":"https:\/\/schema.org","@graph":[{"@type":"WebPage","@id":"https:\/\/regese.ch\/fussball\/1-mannschaft-saison-23-24\/","url":"https:\/\/regese.ch\/fussball\/1-mannschaft-saison-23-24\/","name":"1. Mannschaft - Saison 23 - 24 - R\u00fcckrunde | Fussballblicke | Erich Seeger","isPartOf":{"@id":"https:\/\/regese.ch\/fussball\/#website"},"primaryImageOfPage":{"@id":"https:\/\/regese.ch\/fussball\/1-mannschaft-saison-23-24\/#primaryimage"},"image":{"@id":"https:\/\/regese.ch\/fussball\/1-mannschaft-saison-23-24\/#primaryimage"},"thumbnailUrl":"https:\/\/regese.ch\/fussball\/wp-content\/uploads\/2023\/08\/grafik-211x300.png","datePublished":"2023-08-07T08:28:57+00:00","dateModified":"2024-01-29T16:40:23+00:00","breadcrumb":{"@id":"https:\/\/regese.ch\/fussball\/1-mannschaft-saison-23-24\/#breadcrumb"},"inLanguage":"de-CH","potentialAction":[{"@type":"ReadAction","target":["https:\/\/regese.ch\/fussball\/1-mannschaft-saison-23-24\/"]}]},{"@type":"ImageObject","inLanguage":"de-CH","@id":"https:\/\/regese.ch\/fussball\/1-mannschaft-saison-23-24\/#primaryimage","url":"https:\/\/regese.ch\/fussball\/wp-content\/uploads\/2023\/08\/grafik.png","contentUrl":"https:\/\/regese.ch\/fussball\/wp-content\/uploads\/2023\/08\/grafik.png","width":590,"height":838},{"@type":"BreadcrumbList","@id":"https:\/\/regese.ch\/fussball\/1-mannschaft-saison-23-24\/#breadcrumb","itemListElement":[{"@type":"ListItem","position":1,"name":"Home","item":"https:\/\/regese.ch\/fussball\/"},{"@type":"ListItem","position":2,"name":"1. Mannschaft &#8211; Saison 23 &#8211; 24 &#8211; R\u00fcckrunde"}]},{"@type":"WebSite","@id":"https:\/\/regese.ch\/fussball\/#website","url":"https:\/\/regese.ch\/fussball\/","name":"Fussballblicke | Fussballbilder vom FC Kreuzlingen. Und mehr","description":"","publisher":{"@id":"https:\/\/regese.ch\/fussball\/#\/schema\/person\/ddd2578315ccba2ed485145ed081d710"},"alternateName":"Fussballbilder FC Kreuzlingen","potentialAction":[{"@type":"SearchAction","target":{"@type":"EntryPoint","urlTemplate":"https:\/\/regese.ch\/fussball\/?s={search_term_string}"},"query-input":{"@type":"PropertyValueSpecification","valueRequired":true,"valueName":"search_term_string"}}],"inLanguage":"de-CH"},{"@type":["Person","Organization"],"@id":"https:\/\/regese.ch\/fussball\/#\/schema\/person\/ddd2578315ccba2ed485145ed081d710","name":"admin","image":{"@type":"ImageObject","inLanguage":"de-CH","@id":"https:\/\/regese.ch\/fussball\/wp-content\/uploads\/2022\/03\/cropped-AdobeStock_294761021-fUSSBALLBLICK-Breit.png","url":"https:\/\/regese.ch\/fussball\/wp-content\/uploads\/2022\/03\/cropped-AdobeStock_294761021-fUSSBALLBLICK-Breit.png","contentUrl":"https:\/\/regese.ch\/fussball\/wp-content\/uploads\/2022\/03\/cropped-AdobeStock_294761021-fUSSBALLBLICK-Breit.png","width":1500,"height":300,"caption":"admin"},"logo":{"@id":"https:\/\/regese.ch\/fussball\/wp-content\/uploads\/2022\/03\/cropped-AdobeStock_294761021-fUSSBALLBLICK-Breit.png"},"sameAs":["instagram.com\/fck05_ese"]}]}},"_links":{"self":[{"href":"https:\/\/regese.ch\/fussball\/wp-json\/wp\/v2\/pages\/16106","targetHints":{"allow":["GET"]}}],"collection":[{"href":"https:\/\/regese.ch\/fussball\/wp-json\/wp\/v2\/pages"}],"about":[{"href":"https:\/\/regese.ch\/fussball\/wp-json\/wp\/v2\/types\/page"}],"author":[{"embeddable":true,"href":"https:\/\/regese.ch\/fussball\/wp-json\/wp\/v2\/users\/1"}],"replies":[{"embeddable":true,"href":"https:\/\/regese.ch\/fussball\/wp-json\/wp\/v2\/comments?post=16106"}],"version-history":[{"count":16,"href":"https:\/\/regese.ch\/fussball\/wp-json\/wp\/v2\/pages\/16106\/revisions"}],"predecessor-version":[{"id":17181,"href":"https:\/\/regese.ch\/fussball\/wp-json\/wp\/v2\/pages\/16106\/revisions\/17181"}],"wp:attachment":[{"href":"https:\/\/regese.ch\/fussball\/wp-json\/wp\/v2\/media?parent=16106"}],"curies":[{"name":"wp","href":"https:\/\/api.w.org\/{rel}","templated":true}]}}