{"id":12752,"date":"2022-08-02T23:14:12","date_gmt":"2022-08-02T21:14:12","guid":{"rendered":"https:\/\/regese.ch\/fussball\/?page_id=12752"},"modified":"2022-08-02T23:14:13","modified_gmt":"2022-08-02T21:14:13","slug":"staff-1-mannschaft-saison-22-23","status":"publish","type":"page","link":"https:\/\/regese.ch\/fussball\/staff-1-mannschaft-saison-22-23\/","title":{"rendered":"Staff 1. Mannschaft &#8211; Saison 22 &#8211; 23"},"content":{"rendered":"\n<p>Der FC Kreuzlingen darf auch die n\u00e4chste Saison wieder mit dem gleichen Staff, der seit Jahren erfolgreich zusammenarbeitet, in Angriff nehmen. Das sind gute Voraussetzungen f\u00fcr eine erfolgreiche neue Saison.<\/p>\n\n\n<div class=\"sportspress\">\n\t\t<div id='sp-staff-gallery-11351' class='gallery galleryid-11351 gallery-columns-3 gallery-size-sportspress-crop-medium'>\t<div class=\"sp-template sp-template-staff-gallery sp-template-gallery\">\n\t\t<div class=\"sp-staff-gallery-wrapper sp-gallery-wrapper\">\n\t\t<dl class='gallery-item'>\n\t<dt class='gallery-icon portrait'><a href=\"https:\/\/regese.ch\/fussball\/staff\/daniel-geisselhardt\/\"><img loading=\"lazy\" decoding=\"async\" width=\"300\" height=\"300\" src=\"https:\/\/regese.ch\/fussball\/wp-content\/uploads\/2022\/07\/Geisselhardt-1x1-1-300x300.jpg\" class=\"attachment-sportspress-crop-medium size-sportspress-crop-medium wp-post-image\" alt=\"\" srcset=\"https:\/\/regese.ch\/fussball\/wp-content\/uploads\/2022\/07\/Geisselhardt-1x1-1-300x300.jpg 300w, https:\/\/regese.ch\/fussball\/wp-content\/uploads\/2022\/07\/Geisselhardt-1x1-1.jpg 2000w, https:\/\/regese.ch\/fussball\/wp-content\/uploads\/2022\/07\/Geisselhardt-1x1-1-150x150.jpg 150w, https:\/\/regese.ch\/fussball\/wp-content\/uploads\/2022\/07\/Geisselhardt-1x1-1-768x768.jpg 768w, https:\/\/regese.ch\/fussball\/wp-content\/uploads\/2022\/07\/Geisselhardt-1x1-1-1536x1536.jpg 1536w, https:\/\/regese.ch\/fussball\/wp-content\/uploads\/2022\/07\/Geisselhardt-1x1-1-128x128.jpg 128w, https:\/\/regese.ch\/fussball\/wp-content\/uploads\/2022\/07\/Geisselhardt-1x1-1-32x32.jpg 32w\" sizes=\"auto, (max-width: 300px) 100vw, 300px\" \/><\/a><\/dt><a href=\"https:\/\/regese.ch\/fussball\/staff\/daniel-geisselhardt\/\"><dd class=\"wp-caption-text gallery-caption small-3 columns\"><strong>Pr\u00e4sident<\/strong> Daniel Geisselhardt<\/dd><\/a><\/dl><dl class='gallery-item'>\n\t<dt class='gallery-icon portrait'><a href=\"https:\/\/regese.ch\/fussball\/staff\/david-grimm\/\"><img loading=\"lazy\" decoding=\"async\" width=\"300\" height=\"300\" src=\"https:\/\/regese.ch\/fussball\/wp-content\/uploads\/2022\/07\/Grimm-1x1-1-300x300.jpg\" class=\"attachment-sportspress-crop-medium size-sportspress-crop-medium wp-post-image\" alt=\"\" srcset=\"https:\/\/regese.ch\/fussball\/wp-content\/uploads\/2022\/07\/Grimm-1x1-1-300x300.jpg 300w, https:\/\/regese.ch\/fussball\/wp-content\/uploads\/2022\/07\/Grimm-1x1-1.jpg 2000w, https:\/\/regese.ch\/fussball\/wp-content\/uploads\/2022\/07\/Grimm-1x1-1-150x150.jpg 150w, https:\/\/regese.ch\/fussball\/wp-content\/uploads\/2022\/07\/Grimm-1x1-1-768x768.jpg 768w, https:\/\/regese.ch\/fussball\/wp-content\/uploads\/2022\/07\/Grimm-1x1-1-1536x1536.jpg 1536w, https:\/\/regese.ch\/fussball\/wp-content\/uploads\/2022\/07\/Grimm-1x1-1-128x128.jpg 128w, https:\/\/regese.ch\/fussball\/wp-content\/uploads\/2022\/07\/Grimm-1x1-1-32x32.jpg 32w\" sizes=\"auto, (max-width: 300px) 100vw, 300px\" \/><\/a><\/dt><a href=\"https:\/\/regese.ch\/fussball\/staff\/david-grimm\/\"><dd class=\"wp-caption-text gallery-caption small-3 columns\"><strong>Vizepr\u00e4sident<\/strong> David Grimm<\/dd><\/a><\/dl><dl class='gallery-item'>\n\t<dt class='gallery-icon portrait'><a href=\"https:\/\/regese.ch\/fussball\/staff\/kuersat\/\"><img loading=\"lazy\" decoding=\"async\" width=\"300\" height=\"300\" src=\"https:\/\/regese.ch\/fussball\/wp-content\/uploads\/2022\/08\/Portraet-Aug-22-1x1-1-300x300.jpg\" class=\"attachment-sportspress-crop-medium size-sportspress-crop-medium wp-post-image\" alt=\"\" srcset=\"https:\/\/regese.ch\/fussball\/wp-content\/uploads\/2022\/08\/Portraet-Aug-22-1x1-1-300x300.jpg 300w, https:\/\/regese.ch\/fussball\/wp-content\/uploads\/2022\/08\/Portraet-Aug-22-1x1-1.jpg 2000w, https:\/\/regese.ch\/fussball\/wp-content\/uploads\/2022\/08\/Portraet-Aug-22-1x1-1-150x150.jpg 150w, https:\/\/regese.ch\/fussball\/wp-content\/uploads\/2022\/08\/Portraet-Aug-22-1x1-1-768x768.jpg 768w, https:\/\/regese.ch\/fussball\/wp-content\/uploads\/2022\/08\/Portraet-Aug-22-1x1-1-1536x1536.jpg 1536w, https:\/\/regese.ch\/fussball\/wp-content\/uploads\/2022\/08\/Portraet-Aug-22-1x1-1-128x128.jpg 128w, https:\/\/regese.ch\/fussball\/wp-content\/uploads\/2022\/08\/Portraet-Aug-22-1x1-1-32x32.jpg 32w\" sizes=\"auto, (max-width: 300px) 100vw, 300px\" \/><\/a><\/dt><a href=\"https:\/\/regese.ch\/fussball\/staff\/kuersat\/\"><dd class=\"wp-caption-text gallery-caption small-3 columns\"><strong>Co-Trainer<\/strong> K\u00fcrsat Ortancioglu<\/dd><\/a><\/dl><dl class='gallery-item'>\n\t<dt class='gallery-icon portrait'><a href=\"https:\/\/regese.ch\/fussball\/staff\/uemuet-tuetuenci\/\"><img loading=\"lazy\" decoding=\"async\" width=\"300\" height=\"300\" src=\"https:\/\/regese.ch\/fussball\/wp-content\/uploads\/2022\/08\/Portraet-Aug-22-1x1-3-300x300.jpg\" class=\"attachment-sportspress-crop-medium size-sportspress-crop-medium wp-post-image\" alt=\"\" srcset=\"https:\/\/regese.ch\/fussball\/wp-content\/uploads\/2022\/08\/Portraet-Aug-22-1x1-3-300x300.jpg 300w, https:\/\/regese.ch\/fussball\/wp-content\/uploads\/2022\/08\/Portraet-Aug-22-1x1-3.jpg 2000w, https:\/\/regese.ch\/fussball\/wp-content\/uploads\/2022\/08\/Portraet-Aug-22-1x1-3-150x150.jpg 150w, https:\/\/regese.ch\/fussball\/wp-content\/uploads\/2022\/08\/Portraet-Aug-22-1x1-3-768x768.jpg 768w, https:\/\/regese.ch\/fussball\/wp-content\/uploads\/2022\/08\/Portraet-Aug-22-1x1-3-1536x1536.jpg 1536w, https:\/\/regese.ch\/fussball\/wp-content\/uploads\/2022\/08\/Portraet-Aug-22-1x1-3-128x128.jpg 128w, https:\/\/regese.ch\/fussball\/wp-content\/uploads\/2022\/08\/Portraet-Aug-22-1x1-3-32x32.jpg 32w\" sizes=\"auto, (max-width: 300px) 100vw, 300px\" \/><\/a><\/dt><a href=\"https:\/\/regese.ch\/fussball\/staff\/uemuet-tuetuenci\/\"><dd class=\"wp-caption-text gallery-caption small-3 columns\"><strong>Co-Trainer<\/strong> \u00dcm\u00fct T\u00fct\u00fcnci<\/dd><\/a><\/dl><dl class='gallery-item'>\n\t<dt class='gallery-icon portrait'><a href=\"https:\/\/regese.ch\/fussball\/staff\/sven-gruber\/\"><img loading=\"lazy\" decoding=\"async\" width=\"300\" height=\"300\" src=\"https:\/\/regese.ch\/fussball\/wp-content\/uploads\/2022\/07\/Sven-Gruber-1-300x300.jpg\" class=\"attachment-sportspress-crop-medium size-sportspress-crop-medium wp-post-image\" alt=\"\" srcset=\"https:\/\/regese.ch\/fussball\/wp-content\/uploads\/2022\/07\/Sven-Gruber-1-300x300.jpg 300w, https:\/\/regese.ch\/fussball\/wp-content\/uploads\/2022\/07\/Sven-Gruber-1.jpg 2000w, https:\/\/regese.ch\/fussball\/wp-content\/uploads\/2022\/07\/Sven-Gruber-1-150x150.jpg 150w, https:\/\/regese.ch\/fussball\/wp-content\/uploads\/2022\/07\/Sven-Gruber-1-768x768.jpg 768w, https:\/\/regese.ch\/fussball\/wp-content\/uploads\/2022\/07\/Sven-Gruber-1-1536x1536.jpg 1536w, https:\/\/regese.ch\/fussball\/wp-content\/uploads\/2022\/07\/Sven-Gruber-1-128x128.jpg 128w, https:\/\/regese.ch\/fussball\/wp-content\/uploads\/2022\/07\/Sven-Gruber-1-32x32.jpg 32w\" sizes=\"auto, (max-width: 300px) 100vw, 300px\" \/><\/a><\/dt><a href=\"https:\/\/regese.ch\/fussball\/staff\/sven-gruber\/\"><dd class=\"wp-caption-text gallery-caption small-3 columns\"><strong>Physiotherapeut<\/strong> Sven Gruber<\/dd><\/a><\/dl><dl class='gallery-item'>\n\t<dt class='gallery-icon portrait'><a href=\"https:\/\/regese.ch\/fussball\/staff\/uemuet-tuetuenci-2\/\"><img loading=\"lazy\" decoding=\"async\" width=\"300\" height=\"300\" src=\"https:\/\/regese.ch\/fussball\/wp-content\/uploads\/2023\/08\/Portraet-FCK-05-Web-1x1_23-24-2-300x300.jpg\" class=\"attachment-sportspress-crop-medium size-sportspress-crop-medium wp-post-image\" alt=\"\" srcset=\"https:\/\/regese.ch\/fussball\/wp-content\/uploads\/2023\/08\/Portraet-FCK-05-Web-1x1_23-24-2-300x300.jpg 300w, https:\/\/regese.ch\/fussball\/wp-content\/uploads\/2023\/08\/Portraet-FCK-05-Web-1x1_23-24-2-150x150.jpg 150w, https:\/\/regese.ch\/fussball\/wp-content\/uploads\/2023\/08\/Portraet-FCK-05-Web-1x1_23-24-2-768x768.jpg 768w, https:\/\/regese.ch\/fussball\/wp-content\/uploads\/2023\/08\/Portraet-FCK-05-Web-1x1_23-24-2-1536x1536.jpg 1536w, https:\/\/regese.ch\/fussball\/wp-content\/uploads\/2023\/08\/Portraet-FCK-05-Web-1x1_23-24-2-128x128.jpg 128w, https:\/\/regese.ch\/fussball\/wp-content\/uploads\/2023\/08\/Portraet-FCK-05-Web-1x1_23-24-2-32x32.jpg 32w, https:\/\/regese.ch\/fussball\/wp-content\/uploads\/2023\/08\/Portraet-FCK-05-Web-1x1_23-24-2.jpg 2000w\" sizes=\"auto, (max-width: 300px) 100vw, 300px\" \/><\/a><\/dt><a href=\"https:\/\/regese.ch\/fussball\/staff\/uemuet-tuetuenci-2\/\"><dd class=\"wp-caption-text gallery-caption small-3 columns\"><strong>Co-Trainer<\/strong> Roger Keller<\/dd><\/a><\/dl><dl class='gallery-item'>\n\t<dt class='gallery-icon portrait'><a href=\"https:\/\/regese.ch\/fussball\/staff\/vivienne-2\/\"><img loading=\"lazy\" decoding=\"async\" width=\"300\" height=\"300\" src=\"https:\/\/regese.ch\/fussball\/wp-content\/uploads\/2024\/09\/FCK-05-Spieler-24-25-Quadrat-8-300x300.jpg\" class=\"attachment-sportspress-crop-medium size-sportspress-crop-medium wp-post-image\" alt=\"\" srcset=\"https:\/\/regese.ch\/fussball\/wp-content\/uploads\/2024\/09\/FCK-05-Spieler-24-25-Quadrat-8-300x300.jpg 300w, https:\/\/regese.ch\/fussball\/wp-content\/uploads\/2024\/09\/FCK-05-Spieler-24-25-Quadrat-8-150x150.jpg 150w, https:\/\/regese.ch\/fussball\/wp-content\/uploads\/2024\/09\/FCK-05-Spieler-24-25-Quadrat-8-768x768.jpg 768w, https:\/\/regese.ch\/fussball\/wp-content\/uploads\/2024\/09\/FCK-05-Spieler-24-25-Quadrat-8-1536x1536.jpg 1536w, https:\/\/regese.ch\/fussball\/wp-content\/uploads\/2024\/09\/FCK-05-Spieler-24-25-Quadrat-8-128x128.jpg 128w, https:\/\/regese.ch\/fussball\/wp-content\/uploads\/2024\/09\/FCK-05-Spieler-24-25-Quadrat-8-32x32.jpg 32w, https:\/\/regese.ch\/fussball\/wp-content\/uploads\/2024\/09\/FCK-05-Spieler-24-25-Quadrat-8.jpg 2000w\" sizes=\"auto, (max-width: 300px) 100vw, 300px\" \/><\/a><\/dt><a href=\"https:\/\/regese.ch\/fussball\/staff\/vivienne-2\/\"><dd class=\"wp-caption-text gallery-caption small-3 columns\"><strong>Physiotherapeut<\/strong> Michael<\/dd><\/a><\/dl><dl class='gallery-item'>\n\t<dt class='gallery-icon portrait'><a href=\"https:\/\/regese.ch\/fussball\/staff\/benito\/\"><img loading=\"lazy\" decoding=\"async\" width=\"300\" height=\"300\" src=\"https:\/\/regese.ch\/fussball\/wp-content\/uploads\/2024\/09\/FCK-05-Spieler-24-25-Quadrat-11-300x300.jpg\" class=\"attachment-sportspress-crop-medium size-sportspress-crop-medium wp-post-image\" alt=\"\" srcset=\"https:\/\/regese.ch\/fussball\/wp-content\/uploads\/2024\/09\/FCK-05-Spieler-24-25-Quadrat-11-300x300.jpg 300w, https:\/\/regese.ch\/fussball\/wp-content\/uploads\/2024\/09\/FCK-05-Spieler-24-25-Quadrat-11-150x150.jpg 150w, https:\/\/regese.ch\/fussball\/wp-content\/uploads\/2024\/09\/FCK-05-Spieler-24-25-Quadrat-11-768x768.jpg 768w, https:\/\/regese.ch\/fussball\/wp-content\/uploads\/2024\/09\/FCK-05-Spieler-24-25-Quadrat-11-1536x1536.jpg 1536w, https:\/\/regese.ch\/fussball\/wp-content\/uploads\/2024\/09\/FCK-05-Spieler-24-25-Quadrat-11-128x128.jpg 128w, https:\/\/regese.ch\/fussball\/wp-content\/uploads\/2024\/09\/FCK-05-Spieler-24-25-Quadrat-11-32x32.jpg 32w, https:\/\/regese.ch\/fussball\/wp-content\/uploads\/2024\/09\/FCK-05-Spieler-24-25-Quadrat-11.jpg 2000w\" sizes=\"auto, (max-width: 300px) 100vw, 300px\" \/><\/a><\/dt><a href=\"https:\/\/regese.ch\/fussball\/staff\/benito\/\"><dd class=\"wp-caption-text gallery-caption small-3 columns\"><strong>Betreuer<\/strong> Benito<\/dd><\/a><\/dl><br style=\"clear: both;\" \/>\t\t<\/div>\n\t<\/div>\n<\/div><\/div>\n","protected":false},"excerpt":{"rendered":"<p>Der FC Kreuzlingen darf auch die n\u00e4chste Saison wieder mit dem gleichen Staff, der seit Jahren erfolgreich zusammenarbeitet, in Angriff nehmen. Das sind gute Voraussetzungen f\u00fcr eine erfolgreiche neue Saison.<\/p>\n","protected":false},"author":1,"featured_media":0,"parent":0,"menu_order":0,"comment_status":"closed","ping_status":"closed","template":"","meta":{"footnotes":""},"class_list":["post-12752","page","type-page","status-publish"],"yoast_head":"<!-- This site is optimized with the Yoast SEO plugin v27.4 - https:\/\/yoast.com\/product\/yoast-seo-wordpress\/ -->\n<title>Staff 1. Mannschaft - Saison 22 - 23 | Fussballblicke | Erich Seeger<\/title>\n<meta name=\"robots\" content=\"index, follow, max-snippet:-1, max-image-preview:large, max-video-preview:-1\" \/>\n<link rel=\"canonical\" href=\"https:\/\/regese.ch\/fussball\/staff-1-mannschaft-saison-22-23\/\" \/>\n<meta property=\"og:locale\" content=\"de_DE\" \/>\n<meta property=\"og:type\" content=\"article\" \/>\n<meta property=\"og:title\" content=\"Staff 1. Mannschaft - Saison 22 - 23 | Fussballblicke | Erich Seeger\" \/>\n<meta property=\"og:description\" content=\"Der FC Kreuzlingen darf auch die n\u00e4chste Saison wieder mit dem gleichen Staff, der seit Jahren erfolgreich zusammenarbeitet, in Angriff nehmen. Das sind gute Voraussetzungen f\u00fcr eine erfolgreiche neue Saison.\" \/>\n<meta property=\"og:url\" content=\"https:\/\/regese.ch\/fussball\/staff-1-mannschaft-saison-22-23\/\" \/>\n<meta property=\"og:site_name\" content=\"Fussballblicke\" \/>\n<meta property=\"article:modified_time\" content=\"2022-08-02T21:14:13+00:00\" \/>\n<meta name=\"twitter:card\" content=\"summary_large_image\" \/>\n<meta name=\"twitter:label1\" content=\"Gesch\u00e4tzte Lesezeit\" \/>\n\t<meta name=\"twitter:data1\" content=\"1\u00a0Minute\" \/>\n<script type=\"application\/ld+json\" class=\"yoast-schema-graph\">{\"@context\":\"https:\\\/\\\/schema.org\",\"@graph\":[{\"@type\":\"WebPage\",\"@id\":\"https:\\\/\\\/regese.ch\\\/fussball\\\/staff-1-mannschaft-saison-22-23\\\/\",\"url\":\"https:\\\/\\\/regese.ch\\\/fussball\\\/staff-1-mannschaft-saison-22-23\\\/\",\"name\":\"Staff 1. Mannschaft - Saison 22 - 23 | Fussballblicke | Erich Seeger\",\"isPartOf\":{\"@id\":\"https:\\\/\\\/regese.ch\\\/fussball\\\/#website\"},\"datePublished\":\"2022-08-02T21:14:12+00:00\",\"dateModified\":\"2022-08-02T21:14:13+00:00\",\"breadcrumb\":{\"@id\":\"https:\\\/\\\/regese.ch\\\/fussball\\\/staff-1-mannschaft-saison-22-23\\\/#breadcrumb\"},\"inLanguage\":\"de-CH\",\"potentialAction\":[{\"@type\":\"ReadAction\",\"target\":[\"https:\\\/\\\/regese.ch\\\/fussball\\\/staff-1-mannschaft-saison-22-23\\\/\"]}]},{\"@type\":\"BreadcrumbList\",\"@id\":\"https:\\\/\\\/regese.ch\\\/fussball\\\/staff-1-mannschaft-saison-22-23\\\/#breadcrumb\",\"itemListElement\":[{\"@type\":\"ListItem\",\"position\":1,\"name\":\"Home\",\"item\":\"https:\\\/\\\/regese.ch\\\/fussball\\\/\"},{\"@type\":\"ListItem\",\"position\":2,\"name\":\"Staff 1. Mannschaft &#8211; Saison 22 &#8211; 23\"}]},{\"@type\":\"WebSite\",\"@id\":\"https:\\\/\\\/regese.ch\\\/fussball\\\/#website\",\"url\":\"https:\\\/\\\/regese.ch\\\/fussball\\\/\",\"name\":\"Fussballblicke | Fussballbilder vom FC Kreuzlingen. Und mehr\",\"description\":\"\",\"publisher\":{\"@id\":\"https:\\\/\\\/regese.ch\\\/fussball\\\/#\\\/schema\\\/person\\\/ddd2578315ccba2ed485145ed081d710\"},\"alternateName\":\"Fussballbilder FC Kreuzlingen\",\"potentialAction\":[{\"@type\":\"SearchAction\",\"target\":{\"@type\":\"EntryPoint\",\"urlTemplate\":\"https:\\\/\\\/regese.ch\\\/fussball\\\/?s={search_term_string}\"},\"query-input\":{\"@type\":\"PropertyValueSpecification\",\"valueRequired\":true,\"valueName\":\"search_term_string\"}}],\"inLanguage\":\"de-CH\"},{\"@type\":[\"Person\",\"Organization\"],\"@id\":\"https:\\\/\\\/regese.ch\\\/fussball\\\/#\\\/schema\\\/person\\\/ddd2578315ccba2ed485145ed081d710\",\"name\":\"admin\",\"image\":{\"@type\":\"ImageObject\",\"inLanguage\":\"de-CH\",\"@id\":\"https:\\\/\\\/regese.ch\\\/fussball\\\/wp-content\\\/uploads\\\/2022\\\/03\\\/cropped-AdobeStock_294761021-fUSSBALLBLICK-Breit.png\",\"url\":\"https:\\\/\\\/regese.ch\\\/fussball\\\/wp-content\\\/uploads\\\/2022\\\/03\\\/cropped-AdobeStock_294761021-fUSSBALLBLICK-Breit.png\",\"contentUrl\":\"https:\\\/\\\/regese.ch\\\/fussball\\\/wp-content\\\/uploads\\\/2022\\\/03\\\/cropped-AdobeStock_294761021-fUSSBALLBLICK-Breit.png\",\"width\":1500,\"height\":300,\"caption\":\"admin\"},\"logo\":{\"@id\":\"https:\\\/\\\/regese.ch\\\/fussball\\\/wp-content\\\/uploads\\\/2022\\\/03\\\/cropped-AdobeStock_294761021-fUSSBALLBLICK-Breit.png\"},\"sameAs\":[\"instagram.com\\\/fck05_ese\"]}]}<\/script>\n<!-- \/ Yoast SEO plugin. -->","yoast_head_json":{"title":"Staff 1. Mannschaft - Saison 22 - 23 | Fussballblicke | Erich Seeger","robots":{"index":"index","follow":"follow","max-snippet":"max-snippet:-1","max-image-preview":"max-image-preview:large","max-video-preview":"max-video-preview:-1"},"canonical":"https:\/\/regese.ch\/fussball\/staff-1-mannschaft-saison-22-23\/","og_locale":"de_DE","og_type":"article","og_title":"Staff 1. Mannschaft - Saison 22 - 23 | Fussballblicke | Erich Seeger","og_description":"Der FC Kreuzlingen darf auch die n\u00e4chste Saison wieder mit dem gleichen Staff, der seit Jahren erfolgreich zusammenarbeitet, in Angriff nehmen. Das sind gute Voraussetzungen f\u00fcr eine erfolgreiche neue Saison.","og_url":"https:\/\/regese.ch\/fussball\/staff-1-mannschaft-saison-22-23\/","og_site_name":"Fussballblicke","article_modified_time":"2022-08-02T21:14:13+00:00","twitter_card":"summary_large_image","twitter_misc":{"Gesch\u00e4tzte Lesezeit":"1\u00a0Minute"},"schema":{"@context":"https:\/\/schema.org","@graph":[{"@type":"WebPage","@id":"https:\/\/regese.ch\/fussball\/staff-1-mannschaft-saison-22-23\/","url":"https:\/\/regese.ch\/fussball\/staff-1-mannschaft-saison-22-23\/","name":"Staff 1. Mannschaft - Saison 22 - 23 | Fussballblicke | Erich Seeger","isPartOf":{"@id":"https:\/\/regese.ch\/fussball\/#website"},"datePublished":"2022-08-02T21:14:12+00:00","dateModified":"2022-08-02T21:14:13+00:00","breadcrumb":{"@id":"https:\/\/regese.ch\/fussball\/staff-1-mannschaft-saison-22-23\/#breadcrumb"},"inLanguage":"de-CH","potentialAction":[{"@type":"ReadAction","target":["https:\/\/regese.ch\/fussball\/staff-1-mannschaft-saison-22-23\/"]}]},{"@type":"BreadcrumbList","@id":"https:\/\/regese.ch\/fussball\/staff-1-mannschaft-saison-22-23\/#breadcrumb","itemListElement":[{"@type":"ListItem","position":1,"name":"Home","item":"https:\/\/regese.ch\/fussball\/"},{"@type":"ListItem","position":2,"name":"Staff 1. Mannschaft &#8211; Saison 22 &#8211; 23"}]},{"@type":"WebSite","@id":"https:\/\/regese.ch\/fussball\/#website","url":"https:\/\/regese.ch\/fussball\/","name":"Fussballblicke | Fussballbilder vom FC Kreuzlingen. Und mehr","description":"","publisher":{"@id":"https:\/\/regese.ch\/fussball\/#\/schema\/person\/ddd2578315ccba2ed485145ed081d710"},"alternateName":"Fussballbilder FC Kreuzlingen","potentialAction":[{"@type":"SearchAction","target":{"@type":"EntryPoint","urlTemplate":"https:\/\/regese.ch\/fussball\/?s={search_term_string}"},"query-input":{"@type":"PropertyValueSpecification","valueRequired":true,"valueName":"search_term_string"}}],"inLanguage":"de-CH"},{"@type":["Person","Organization"],"@id":"https:\/\/regese.ch\/fussball\/#\/schema\/person\/ddd2578315ccba2ed485145ed081d710","name":"admin","image":{"@type":"ImageObject","inLanguage":"de-CH","@id":"https:\/\/regese.ch\/fussball\/wp-content\/uploads\/2022\/03\/cropped-AdobeStock_294761021-fUSSBALLBLICK-Breit.png","url":"https:\/\/regese.ch\/fussball\/wp-content\/uploads\/2022\/03\/cropped-AdobeStock_294761021-fUSSBALLBLICK-Breit.png","contentUrl":"https:\/\/regese.ch\/fussball\/wp-content\/uploads\/2022\/03\/cropped-AdobeStock_294761021-fUSSBALLBLICK-Breit.png","width":1500,"height":300,"caption":"admin"},"logo":{"@id":"https:\/\/regese.ch\/fussball\/wp-content\/uploads\/2022\/03\/cropped-AdobeStock_294761021-fUSSBALLBLICK-Breit.png"},"sameAs":["instagram.com\/fck05_ese"]}]}},"_links":{"self":[{"href":"https:\/\/regese.ch\/fussball\/wp-json\/wp\/v2\/pages\/12752","targetHints":{"allow":["GET"]}}],"collection":[{"href":"https:\/\/regese.ch\/fussball\/wp-json\/wp\/v2\/pages"}],"about":[{"href":"https:\/\/regese.ch\/fussball\/wp-json\/wp\/v2\/types\/page"}],"author":[{"embeddable":true,"href":"https:\/\/regese.ch\/fussball\/wp-json\/wp\/v2\/users\/1"}],"replies":[{"embeddable":true,"href":"https:\/\/regese.ch\/fussball\/wp-json\/wp\/v2\/comments?post=12752"}],"version-history":[{"count":2,"href":"https:\/\/regese.ch\/fussball\/wp-json\/wp\/v2\/pages\/12752\/revisions"}],"predecessor-version":[{"id":12755,"href":"https:\/\/regese.ch\/fussball\/wp-json\/wp\/v2\/pages\/12752\/revisions\/12755"}],"wp:attachment":[{"href":"https:\/\/regese.ch\/fussball\/wp-json\/wp\/v2\/media?parent=12752"}],"curies":[{"name":"wp","href":"https:\/\/api.w.org\/{rel}","templated":true}]}}