{"id":121,"date":"2019-10-02T13:03:15","date_gmt":"2019-10-02T13:03:15","guid":{"rendered":"https:\/\/regese.ch\/wordpress\/?page_id=121"},"modified":"2022-03-15T22:41:57","modified_gmt":"2022-03-15T21:41:57","slug":"fussballbilder","status":"publish","type":"page","link":"https:\/\/regese.ch\/fussball\/fussballbilder\/","title":{"rendered":"Fussballbilder"},"content":{"rendered":"\n<p>Als leidenschaftlicher Hobbyfotograf besuche ich seit Jahren Fussballspiele; immer auf der Suche nach dem &#171;perfekten&#187; Bild. Du findest auf den folgenden Seiten Aufnahmen der Spiele des FCK 05 sowie weitere Bilder von fussballerischen Anl\u00e4ssen: Der Ball rollt und die Kamera klickt!<\/p>\n\n\n\n<p>Mein Herz schl\u00e4gt f\u00fcr den <a href=\"https:\/\/www.fck1905.ch\/\">FC Kreuzlingen 05<\/a>; die Nummer eins im Kanton Thurgau und dies nicht nur wegen der N\u00e4he zum See. <\/p>\n\n\n\n<div class=\"wp-block-buttons is-layout-flex wp-block-buttons-is-layout-flex\">\n<div class=\"wp-block-button is-style-fill\"><a class=\"wp-block-button__link has-text-color has-background\" href=\"https:\/\/regese.ch\/fussball\/internationaler-jules-seiler-cup-19-6-21\/\" style=\"background:linear-gradient(135deg,rgb(202,248,128) 0%,rgb(113,206,126) 55%);color:#0b5e04\" target=\"_blank\" rel=\"noreferrer noopener\">Jules-Seiler-U11-Cup 202<\/a><\/div>\n<\/div>\n\n\n\n<div class=\"wp-block-buttons is-layout-flex wp-block-buttons-is-layout-flex\">\n<div class=\"wp-block-button\"><a class=\"wp-block-button__link has-text-color has-background\" href=\"https:\/\/regese.ch\/fussball\/1-mannschaft-portraet\/\" style=\"background:linear-gradient(135deg,rgb(202,248,128) 0%,rgb(113,206,126) 55%);color:#0b5e04\" target=\"_blank\" rel=\"noreferrer noopener\">Mannschaft 2019 &#8211; 2020<\/a><\/div>\n<\/div>\n\n\n\n<div class=\"wp-block-buttons is-layout-flex wp-block-buttons-is-layout-flex\">\n<div class=\"wp-block-button\"><a class=\"wp-block-button__link has-text-color has-background\" href=\"https:\/\/regese.ch\/fussball\/matchbilder-saison-2019-2020\/\" style=\"background:linear-gradient(135deg,rgb(202,248,128) 0%,rgb(113,206,126) 53%);color:#03783f\" target=\"_blank\" rel=\"noreferrer noopener\">Matchbilder 2019 &#8211; 2020<\/a><\/div>\n<\/div>\n\n\n\n<div class=\"wp-block-buttons is-layout-flex wp-block-buttons-is-layout-flex\">\n<div class=\"wp-block-button\"><a class=\"wp-block-button__link has-text-color has-background\" href=\"https:\/\/regese.ch\/fussball\/axpo-plusport-cup-2019\/\" style=\"background:linear-gradient(135deg,rgb(202,248,128) 0%,rgb(113,206,126) 83%);color:#047a3c\">Axpo-PluSport-Cup 2019<\/a><\/div>\n<\/div>\n\n\n\n<div class=\"wp-block-buttons is-layout-flex wp-block-buttons-is-layout-flex\">\n<div class=\"wp-block-button is-style-fill\"><a class=\"wp-block-button__link has-text-color has-background\" href=\"https:\/\/regese.ch\/fussball\/1-mannschaft-spielerkader-18-19\/\" style=\"background:linear-gradient(135deg,rgb(202,248,128) 0%,rgb(113,206,126) 81%);color:#08783e\">Mannschaft 2018 &#8211; 2019<\/a><\/div>\n<\/div>\n\n\n\n<p><\/p>\n","protected":false},"excerpt":{"rendered":"<p>Als leidenschaftlicher Hobbyfotograf besuche ich seit Jahren Fussballspiele; immer auf der Suche nach dem &#171;perfekten&#187; Bild. Du findest auf den folgenden Seiten Aufnahmen der Spiele des FCK 05 sowie weitere Bilder von fussballerischen Anl\u00e4ssen: Der Ball rollt und die Kamera klickt! Mein Herz schl\u00e4gt f\u00fcr den FC Kreuzlingen 05; die Nummer eins im Kanton Thurgau &#8230; <a title=\"Fussballbilder\" class=\"read-more\" href=\"https:\/\/regese.ch\/fussball\/fussballbilder\/\" aria-label=\"Read more about Fussballbilder\">Read more<\/a><\/p>\n","protected":false},"author":1,"featured_media":19,"parent":0,"menu_order":0,"comment_status":"closed","ping_status":"closed","template":"","meta":{"footnotes":""},"class_list":["post-121","page","type-page","status-publish","has-post-thumbnail"],"yoast_head":"<!-- This site is optimized with the Yoast SEO plugin v27.4 - https:\/\/yoast.com\/product\/yoast-seo-wordpress\/ -->\n<title>Fussballbilder | Fussballblicke | Erich Seeger<\/title>\n<meta name=\"description\" content=\"FCK05, FCKreuzlingen; Fussball, Fussballbilder\" \/>\n<meta name=\"robots\" content=\"index, follow, max-snippet:-1, max-image-preview:large, max-video-preview:-1\" \/>\n<link rel=\"canonical\" href=\"https:\/\/regese.ch\/fussball\/fussballbilder\/\" \/>\n<meta property=\"og:locale\" content=\"de_DE\" \/>\n<meta property=\"og:type\" content=\"article\" \/>\n<meta property=\"og:title\" content=\"Fussballbilder | Fussballblicke | Erich Seeger\" \/>\n<meta property=\"og:description\" content=\"FCK05, FCKreuzlingen; Fussball, Fussballbilder\" \/>\n<meta property=\"og:url\" content=\"https:\/\/regese.ch\/fussball\/fussballbilder\/\" \/>\n<meta property=\"og:site_name\" content=\"Fussballblicke\" \/>\n<meta property=\"article:modified_time\" content=\"2022-03-15T21:41:57+00:00\" \/>\n<meta property=\"og:image\" content=\"https:\/\/regese.ch\/fussball\/wp-content\/uploads\/2019\/10\/FC-Wil-U20-FCK05-68.jpg\" \/>\n\t<meta property=\"og:image:width\" content=\"1136\" \/>\n\t<meta property=\"og:image:height\" content=\"758\" \/>\n\t<meta property=\"og:image:type\" content=\"image\/jpeg\" \/>\n<meta name=\"twitter:card\" content=\"summary_large_image\" \/>\n<meta name=\"twitter:label1\" content=\"Gesch\u00e4tzte Lesezeit\" \/>\n\t<meta name=\"twitter:data1\" content=\"1\u00a0Minute\" \/>\n<script type=\"application\/ld+json\" class=\"yoast-schema-graph\">{\"@context\":\"https:\\\/\\\/schema.org\",\"@graph\":[{\"@type\":\"WebPage\",\"@id\":\"https:\\\/\\\/regese.ch\\\/fussball\\\/fussballbilder\\\/\",\"url\":\"https:\\\/\\\/regese.ch\\\/fussball\\\/fussballbilder\\\/\",\"name\":\"Fussballbilder | Fussballblicke | Erich Seeger\",\"isPartOf\":{\"@id\":\"https:\\\/\\\/regese.ch\\\/fussball\\\/#website\"},\"primaryImageOfPage\":{\"@id\":\"https:\\\/\\\/regese.ch\\\/fussball\\\/fussballbilder\\\/#primaryimage\"},\"image\":{\"@id\":\"https:\\\/\\\/regese.ch\\\/fussball\\\/fussballbilder\\\/#primaryimage\"},\"thumbnailUrl\":\"https:\\\/\\\/regese.ch\\\/fussball\\\/wp-content\\\/uploads\\\/2019\\\/10\\\/FC-Wil-U20-FCK05-68.jpg\",\"datePublished\":\"2019-10-02T13:03:15+00:00\",\"dateModified\":\"2022-03-15T21:41:57+00:00\",\"description\":\"FCK05, FCKreuzlingen; Fussball, Fussballbilder\",\"breadcrumb\":{\"@id\":\"https:\\\/\\\/regese.ch\\\/fussball\\\/fussballbilder\\\/#breadcrumb\"},\"inLanguage\":\"de-CH\",\"potentialAction\":[{\"@type\":\"ReadAction\",\"target\":[\"https:\\\/\\\/regese.ch\\\/fussball\\\/fussballbilder\\\/\"]}]},{\"@type\":\"ImageObject\",\"inLanguage\":\"de-CH\",\"@id\":\"https:\\\/\\\/regese.ch\\\/fussball\\\/fussballbilder\\\/#primaryimage\",\"url\":\"https:\\\/\\\/regese.ch\\\/fussball\\\/wp-content\\\/uploads\\\/2019\\\/10\\\/FC-Wil-U20-FCK05-68.jpg\",\"contentUrl\":\"https:\\\/\\\/regese.ch\\\/fussball\\\/wp-content\\\/uploads\\\/2019\\\/10\\\/FC-Wil-U20-FCK05-68.jpg\",\"width\":1136,\"height\":758},{\"@type\":\"BreadcrumbList\",\"@id\":\"https:\\\/\\\/regese.ch\\\/fussball\\\/fussballbilder\\\/#breadcrumb\",\"itemListElement\":[{\"@type\":\"ListItem\",\"position\":1,\"name\":\"Home\",\"item\":\"https:\\\/\\\/regese.ch\\\/fussball\\\/\"},{\"@type\":\"ListItem\",\"position\":2,\"name\":\"Fussballbilder\"}]},{\"@type\":\"WebSite\",\"@id\":\"https:\\\/\\\/regese.ch\\\/fussball\\\/#website\",\"url\":\"https:\\\/\\\/regese.ch\\\/fussball\\\/\",\"name\":\"Fussballblicke | Fussballbilder vom FC Kreuzlingen. Und mehr\",\"description\":\"\",\"publisher\":{\"@id\":\"https:\\\/\\\/regese.ch\\\/fussball\\\/#\\\/schema\\\/person\\\/ddd2578315ccba2ed485145ed081d710\"},\"alternateName\":\"Fussballbilder FC Kreuzlingen\",\"potentialAction\":[{\"@type\":\"SearchAction\",\"target\":{\"@type\":\"EntryPoint\",\"urlTemplate\":\"https:\\\/\\\/regese.ch\\\/fussball\\\/?s={search_term_string}\"},\"query-input\":{\"@type\":\"PropertyValueSpecification\",\"valueRequired\":true,\"valueName\":\"search_term_string\"}}],\"inLanguage\":\"de-CH\"},{\"@type\":[\"Person\",\"Organization\"],\"@id\":\"https:\\\/\\\/regese.ch\\\/fussball\\\/#\\\/schema\\\/person\\\/ddd2578315ccba2ed485145ed081d710\",\"name\":\"admin\",\"image\":{\"@type\":\"ImageObject\",\"inLanguage\":\"de-CH\",\"@id\":\"https:\\\/\\\/regese.ch\\\/fussball\\\/wp-content\\\/uploads\\\/2022\\\/03\\\/cropped-AdobeStock_294761021-fUSSBALLBLICK-Breit.png\",\"url\":\"https:\\\/\\\/regese.ch\\\/fussball\\\/wp-content\\\/uploads\\\/2022\\\/03\\\/cropped-AdobeStock_294761021-fUSSBALLBLICK-Breit.png\",\"contentUrl\":\"https:\\\/\\\/regese.ch\\\/fussball\\\/wp-content\\\/uploads\\\/2022\\\/03\\\/cropped-AdobeStock_294761021-fUSSBALLBLICK-Breit.png\",\"width\":1500,\"height\":300,\"caption\":\"admin\"},\"logo\":{\"@id\":\"https:\\\/\\\/regese.ch\\\/fussball\\\/wp-content\\\/uploads\\\/2022\\\/03\\\/cropped-AdobeStock_294761021-fUSSBALLBLICK-Breit.png\"},\"sameAs\":[\"instagram.com\\\/fck05_ese\"]}]}<\/script>\n<!-- \/ Yoast SEO plugin. -->","yoast_head_json":{"title":"Fussballbilder | Fussballblicke | Erich Seeger","description":"FCK05, FCKreuzlingen; Fussball, Fussballbilder","robots":{"index":"index","follow":"follow","max-snippet":"max-snippet:-1","max-image-preview":"max-image-preview:large","max-video-preview":"max-video-preview:-1"},"canonical":"https:\/\/regese.ch\/fussball\/fussballbilder\/","og_locale":"de_DE","og_type":"article","og_title":"Fussballbilder | Fussballblicke | Erich Seeger","og_description":"FCK05, FCKreuzlingen; Fussball, Fussballbilder","og_url":"https:\/\/regese.ch\/fussball\/fussballbilder\/","og_site_name":"Fussballblicke","article_modified_time":"2022-03-15T21:41:57+00:00","og_image":[{"width":1136,"height":758,"url":"https:\/\/regese.ch\/fussball\/wp-content\/uploads\/2019\/10\/FC-Wil-U20-FCK05-68.jpg","type":"image\/jpeg"}],"twitter_card":"summary_large_image","twitter_misc":{"Gesch\u00e4tzte Lesezeit":"1\u00a0Minute"},"schema":{"@context":"https:\/\/schema.org","@graph":[{"@type":"WebPage","@id":"https:\/\/regese.ch\/fussball\/fussballbilder\/","url":"https:\/\/regese.ch\/fussball\/fussballbilder\/","name":"Fussballbilder | Fussballblicke | Erich Seeger","isPartOf":{"@id":"https:\/\/regese.ch\/fussball\/#website"},"primaryImageOfPage":{"@id":"https:\/\/regese.ch\/fussball\/fussballbilder\/#primaryimage"},"image":{"@id":"https:\/\/regese.ch\/fussball\/fussballbilder\/#primaryimage"},"thumbnailUrl":"https:\/\/regese.ch\/fussball\/wp-content\/uploads\/2019\/10\/FC-Wil-U20-FCK05-68.jpg","datePublished":"2019-10-02T13:03:15+00:00","dateModified":"2022-03-15T21:41:57+00:00","description":"FCK05, FCKreuzlingen; Fussball, Fussballbilder","breadcrumb":{"@id":"https:\/\/regese.ch\/fussball\/fussballbilder\/#breadcrumb"},"inLanguage":"de-CH","potentialAction":[{"@type":"ReadAction","target":["https:\/\/regese.ch\/fussball\/fussballbilder\/"]}]},{"@type":"ImageObject","inLanguage":"de-CH","@id":"https:\/\/regese.ch\/fussball\/fussballbilder\/#primaryimage","url":"https:\/\/regese.ch\/fussball\/wp-content\/uploads\/2019\/10\/FC-Wil-U20-FCK05-68.jpg","contentUrl":"https:\/\/regese.ch\/fussball\/wp-content\/uploads\/2019\/10\/FC-Wil-U20-FCK05-68.jpg","width":1136,"height":758},{"@type":"BreadcrumbList","@id":"https:\/\/regese.ch\/fussball\/fussballbilder\/#breadcrumb","itemListElement":[{"@type":"ListItem","position":1,"name":"Home","item":"https:\/\/regese.ch\/fussball\/"},{"@type":"ListItem","position":2,"name":"Fussballbilder"}]},{"@type":"WebSite","@id":"https:\/\/regese.ch\/fussball\/#website","url":"https:\/\/regese.ch\/fussball\/","name":"Fussballblicke | Fussballbilder vom FC Kreuzlingen. Und mehr","description":"","publisher":{"@id":"https:\/\/regese.ch\/fussball\/#\/schema\/person\/ddd2578315ccba2ed485145ed081d710"},"alternateName":"Fussballbilder FC Kreuzlingen","potentialAction":[{"@type":"SearchAction","target":{"@type":"EntryPoint","urlTemplate":"https:\/\/regese.ch\/fussball\/?s={search_term_string}"},"query-input":{"@type":"PropertyValueSpecification","valueRequired":true,"valueName":"search_term_string"}}],"inLanguage":"de-CH"},{"@type":["Person","Organization"],"@id":"https:\/\/regese.ch\/fussball\/#\/schema\/person\/ddd2578315ccba2ed485145ed081d710","name":"admin","image":{"@type":"ImageObject","inLanguage":"de-CH","@id":"https:\/\/regese.ch\/fussball\/wp-content\/uploads\/2022\/03\/cropped-AdobeStock_294761021-fUSSBALLBLICK-Breit.png","url":"https:\/\/regese.ch\/fussball\/wp-content\/uploads\/2022\/03\/cropped-AdobeStock_294761021-fUSSBALLBLICK-Breit.png","contentUrl":"https:\/\/regese.ch\/fussball\/wp-content\/uploads\/2022\/03\/cropped-AdobeStock_294761021-fUSSBALLBLICK-Breit.png","width":1500,"height":300,"caption":"admin"},"logo":{"@id":"https:\/\/regese.ch\/fussball\/wp-content\/uploads\/2022\/03\/cropped-AdobeStock_294761021-fUSSBALLBLICK-Breit.png"},"sameAs":["instagram.com\/fck05_ese"]}]}},"_links":{"self":[{"href":"https:\/\/regese.ch\/fussball\/wp-json\/wp\/v2\/pages\/121","targetHints":{"allow":["GET"]}}],"collection":[{"href":"https:\/\/regese.ch\/fussball\/wp-json\/wp\/v2\/pages"}],"about":[{"href":"https:\/\/regese.ch\/fussball\/wp-json\/wp\/v2\/types\/page"}],"author":[{"embeddable":true,"href":"https:\/\/regese.ch\/fussball\/wp-json\/wp\/v2\/users\/1"}],"replies":[{"embeddable":true,"href":"https:\/\/regese.ch\/fussball\/wp-json\/wp\/v2\/comments?post=121"}],"version-history":[{"count":18,"href":"https:\/\/regese.ch\/fussball\/wp-json\/wp\/v2\/pages\/121\/revisions"}],"predecessor-version":[{"id":11482,"href":"https:\/\/regese.ch\/fussball\/wp-json\/wp\/v2\/pages\/121\/revisions\/11482"}],"wp:featuredmedia":[{"embeddable":true,"href":"https:\/\/regese.ch\/fussball\/wp-json\/wp\/v2\/media\/19"}],"wp:attachment":[{"href":"https:\/\/regese.ch\/fussball\/wp-json\/wp\/v2\/media?parent=121"}],"curies":[{"name":"wp","href":"https:\/\/api.w.org\/{rel}","templated":true}]}}