{"id":11167,"date":"2022-03-20T21:22:20","date_gmt":"2022-03-20T20:22:20","guid":{"rendered":"https:\/\/regese.ch\/fussball\/?page_id=11167"},"modified":"2022-03-21T13:03:50","modified_gmt":"2022-03-21T12:03:50","slug":"kontakt","status":"publish","type":"page","link":"https:\/\/regese.ch\/fussball\/kontakt\/","title":{"rendered":"Kontakt"},"content":{"rendered":"\n<p>Alle Fotos sind grunds\u00e4tzlich mein Eigentum und d\u00fcrfen nicht <strong>ohne meine ausdr\u00fcckliche Erlaubnis<\/strong> publiziert werden. <\/p>\n\n\n\n<p>Kontaktiere mich unter:<\/p>\n\n\n\n<p>Erich Seeger<br>Magdenaustr. 9<br>8570 Weinfelden<br><a href=\"mailto:erich.seeger@bluewin.ch\">erich.seeger@bluewin.ch <\/a><\/p>\n\n\n\n<p>oder f\u00fcll das folgende Formular aus und ich werde mich bei dir melden:<\/p>\n\n\n\n\n\n<p><\/p>\n\n\n\n<p><br><\/p>\n","protected":false},"excerpt":{"rendered":"<p>Alle Fotos sind grunds\u00e4tzlich mein Eigentum und d\u00fcrfen nicht ohne meine ausdr\u00fcckliche Erlaubnis publiziert werden. Kontaktiere mich unter: Erich SeegerMagdenaustr. 98570 Weinfeldenerich.seeger@bluewin.ch oder f\u00fcll das folgende Formular aus und ich werde mich bei dir melden:<\/p>\n","protected":false},"author":1,"featured_media":6470,"parent":0,"menu_order":0,"comment_status":"closed","ping_status":"closed","template":"","meta":{"footnotes":""},"class_list":["post-11167","page","type-page","status-publish","has-post-thumbnail"],"yoast_head":"<!-- This site is optimized with the Yoast SEO plugin v27.4 - https:\/\/yoast.com\/product\/yoast-seo-wordpress\/ -->\n<title>Kontakt | Fussballblicke | Erich Seeger<\/title>\n<meta name=\"robots\" content=\"index, follow, max-snippet:-1, max-image-preview:large, max-video-preview:-1\" \/>\n<link rel=\"canonical\" href=\"https:\/\/regese.ch\/fussball\/kontakt\/\" \/>\n<meta property=\"og:locale\" content=\"de_DE\" \/>\n<meta property=\"og:type\" content=\"article\" \/>\n<meta property=\"og:title\" content=\"Kontakt | Fussballblicke | Erich Seeger\" \/>\n<meta property=\"og:description\" content=\"Alle Fotos sind grunds\u00e4tzlich mein Eigentum und d\u00fcrfen nicht ohne meine ausdr\u00fcckliche Erlaubnis publiziert werden. Kontaktiere mich unter: Erich SeegerMagdenaustr. 98570 Weinfeldenerich.seeger@bluewin.ch oder f\u00fcll das folgende Formular aus und ich werde mich bei dir melden:\" \/>\n<meta property=\"og:url\" content=\"https:\/\/regese.ch\/fussball\/kontakt\/\" \/>\n<meta property=\"og:site_name\" content=\"Fussballblicke\" \/>\n<meta property=\"article:modified_time\" content=\"2022-03-21T12:03:50+00:00\" \/>\n<meta property=\"og:image\" content=\"https:\/\/regese.ch\/fussball\/wp-content\/uploads\/2020\/09\/FCK-05-FC-Weesen_09-20-55.jpg\" \/>\n\t<meta property=\"og:image:width\" content=\"2400\" \/>\n\t<meta property=\"og:image:height\" content=\"1600\" \/>\n\t<meta property=\"og:image:type\" content=\"image\/jpeg\" \/>\n<meta name=\"twitter:card\" content=\"summary_large_image\" \/>\n<meta name=\"twitter:label1\" content=\"Gesch\u00e4tzte Lesezeit\" \/>\n\t<meta name=\"twitter:data1\" content=\"1\u00a0Minute\" \/>\n<script type=\"application\/ld+json\" class=\"yoast-schema-graph\">{\"@context\":\"https:\\\/\\\/schema.org\",\"@graph\":[{\"@type\":\"WebPage\",\"@id\":\"https:\\\/\\\/regese.ch\\\/fussball\\\/kontakt\\\/\",\"url\":\"https:\\\/\\\/regese.ch\\\/fussball\\\/kontakt\\\/\",\"name\":\"Kontakt | Fussballblicke | Erich Seeger\",\"isPartOf\":{\"@id\":\"https:\\\/\\\/regese.ch\\\/fussball\\\/#website\"},\"primaryImageOfPage\":{\"@id\":\"https:\\\/\\\/regese.ch\\\/fussball\\\/kontakt\\\/#primaryimage\"},\"image\":{\"@id\":\"https:\\\/\\\/regese.ch\\\/fussball\\\/kontakt\\\/#primaryimage\"},\"thumbnailUrl\":\"https:\\\/\\\/regese.ch\\\/fussball\\\/wp-content\\\/uploads\\\/2020\\\/09\\\/FCK-05-FC-Weesen_09-20-55.jpg\",\"datePublished\":\"2022-03-20T20:22:20+00:00\",\"dateModified\":\"2022-03-21T12:03:50+00:00\",\"breadcrumb\":{\"@id\":\"https:\\\/\\\/regese.ch\\\/fussball\\\/kontakt\\\/#breadcrumb\"},\"inLanguage\":\"de-CH\",\"potentialAction\":[{\"@type\":\"ReadAction\",\"target\":[\"https:\\\/\\\/regese.ch\\\/fussball\\\/kontakt\\\/\"]}]},{\"@type\":\"ImageObject\",\"inLanguage\":\"de-CH\",\"@id\":\"https:\\\/\\\/regese.ch\\\/fussball\\\/kontakt\\\/#primaryimage\",\"url\":\"https:\\\/\\\/regese.ch\\\/fussball\\\/wp-content\\\/uploads\\\/2020\\\/09\\\/FCK-05-FC-Weesen_09-20-55.jpg\",\"contentUrl\":\"https:\\\/\\\/regese.ch\\\/fussball\\\/wp-content\\\/uploads\\\/2020\\\/09\\\/FCK-05-FC-Weesen_09-20-55.jpg\",\"width\":2400,\"height\":1600},{\"@type\":\"BreadcrumbList\",\"@id\":\"https:\\\/\\\/regese.ch\\\/fussball\\\/kontakt\\\/#breadcrumb\",\"itemListElement\":[{\"@type\":\"ListItem\",\"position\":1,\"name\":\"Home\",\"item\":\"https:\\\/\\\/regese.ch\\\/fussball\\\/\"},{\"@type\":\"ListItem\",\"position\":2,\"name\":\"Kontakt\"}]},{\"@type\":\"WebSite\",\"@id\":\"https:\\\/\\\/regese.ch\\\/fussball\\\/#website\",\"url\":\"https:\\\/\\\/regese.ch\\\/fussball\\\/\",\"name\":\"Fussballblicke | Fussballbilder vom FC Kreuzlingen. Und mehr\",\"description\":\"\",\"publisher\":{\"@id\":\"https:\\\/\\\/regese.ch\\\/fussball\\\/#\\\/schema\\\/person\\\/ddd2578315ccba2ed485145ed081d710\"},\"alternateName\":\"Fussballbilder FC Kreuzlingen\",\"potentialAction\":[{\"@type\":\"SearchAction\",\"target\":{\"@type\":\"EntryPoint\",\"urlTemplate\":\"https:\\\/\\\/regese.ch\\\/fussball\\\/?s={search_term_string}\"},\"query-input\":{\"@type\":\"PropertyValueSpecification\",\"valueRequired\":true,\"valueName\":\"search_term_string\"}}],\"inLanguage\":\"de-CH\"},{\"@type\":[\"Person\",\"Organization\"],\"@id\":\"https:\\\/\\\/regese.ch\\\/fussball\\\/#\\\/schema\\\/person\\\/ddd2578315ccba2ed485145ed081d710\",\"name\":\"admin\",\"image\":{\"@type\":\"ImageObject\",\"inLanguage\":\"de-CH\",\"@id\":\"https:\\\/\\\/regese.ch\\\/fussball\\\/wp-content\\\/uploads\\\/2022\\\/03\\\/cropped-AdobeStock_294761021-fUSSBALLBLICK-Breit.png\",\"url\":\"https:\\\/\\\/regese.ch\\\/fussball\\\/wp-content\\\/uploads\\\/2022\\\/03\\\/cropped-AdobeStock_294761021-fUSSBALLBLICK-Breit.png\",\"contentUrl\":\"https:\\\/\\\/regese.ch\\\/fussball\\\/wp-content\\\/uploads\\\/2022\\\/03\\\/cropped-AdobeStock_294761021-fUSSBALLBLICK-Breit.png\",\"width\":1500,\"height\":300,\"caption\":\"admin\"},\"logo\":{\"@id\":\"https:\\\/\\\/regese.ch\\\/fussball\\\/wp-content\\\/uploads\\\/2022\\\/03\\\/cropped-AdobeStock_294761021-fUSSBALLBLICK-Breit.png\"},\"sameAs\":[\"instagram.com\\\/fck05_ese\"]}]}<\/script>\n<!-- \/ Yoast SEO plugin. -->","yoast_head_json":{"title":"Kontakt | Fussballblicke | Erich Seeger","robots":{"index":"index","follow":"follow","max-snippet":"max-snippet:-1","max-image-preview":"max-image-preview:large","max-video-preview":"max-video-preview:-1"},"canonical":"https:\/\/regese.ch\/fussball\/kontakt\/","og_locale":"de_DE","og_type":"article","og_title":"Kontakt | Fussballblicke | Erich Seeger","og_description":"Alle Fotos sind grunds\u00e4tzlich mein Eigentum und d\u00fcrfen nicht ohne meine ausdr\u00fcckliche Erlaubnis publiziert werden. Kontaktiere mich unter: Erich SeegerMagdenaustr. 98570 Weinfeldenerich.seeger@bluewin.ch oder f\u00fcll das folgende Formular aus und ich werde mich bei dir melden:","og_url":"https:\/\/regese.ch\/fussball\/kontakt\/","og_site_name":"Fussballblicke","article_modified_time":"2022-03-21T12:03:50+00:00","og_image":[{"width":2400,"height":1600,"url":"https:\/\/regese.ch\/fussball\/wp-content\/uploads\/2020\/09\/FCK-05-FC-Weesen_09-20-55.jpg","type":"image\/jpeg"}],"twitter_card":"summary_large_image","twitter_misc":{"Gesch\u00e4tzte Lesezeit":"1\u00a0Minute"},"schema":{"@context":"https:\/\/schema.org","@graph":[{"@type":"WebPage","@id":"https:\/\/regese.ch\/fussball\/kontakt\/","url":"https:\/\/regese.ch\/fussball\/kontakt\/","name":"Kontakt | Fussballblicke | Erich Seeger","isPartOf":{"@id":"https:\/\/regese.ch\/fussball\/#website"},"primaryImageOfPage":{"@id":"https:\/\/regese.ch\/fussball\/kontakt\/#primaryimage"},"image":{"@id":"https:\/\/regese.ch\/fussball\/kontakt\/#primaryimage"},"thumbnailUrl":"https:\/\/regese.ch\/fussball\/wp-content\/uploads\/2020\/09\/FCK-05-FC-Weesen_09-20-55.jpg","datePublished":"2022-03-20T20:22:20+00:00","dateModified":"2022-03-21T12:03:50+00:00","breadcrumb":{"@id":"https:\/\/regese.ch\/fussball\/kontakt\/#breadcrumb"},"inLanguage":"de-CH","potentialAction":[{"@type":"ReadAction","target":["https:\/\/regese.ch\/fussball\/kontakt\/"]}]},{"@type":"ImageObject","inLanguage":"de-CH","@id":"https:\/\/regese.ch\/fussball\/kontakt\/#primaryimage","url":"https:\/\/regese.ch\/fussball\/wp-content\/uploads\/2020\/09\/FCK-05-FC-Weesen_09-20-55.jpg","contentUrl":"https:\/\/regese.ch\/fussball\/wp-content\/uploads\/2020\/09\/FCK-05-FC-Weesen_09-20-55.jpg","width":2400,"height":1600},{"@type":"BreadcrumbList","@id":"https:\/\/regese.ch\/fussball\/kontakt\/#breadcrumb","itemListElement":[{"@type":"ListItem","position":1,"name":"Home","item":"https:\/\/regese.ch\/fussball\/"},{"@type":"ListItem","position":2,"name":"Kontakt"}]},{"@type":"WebSite","@id":"https:\/\/regese.ch\/fussball\/#website","url":"https:\/\/regese.ch\/fussball\/","name":"Fussballblicke | Fussballbilder vom FC Kreuzlingen. Und mehr","description":"","publisher":{"@id":"https:\/\/regese.ch\/fussball\/#\/schema\/person\/ddd2578315ccba2ed485145ed081d710"},"alternateName":"Fussballbilder FC Kreuzlingen","potentialAction":[{"@type":"SearchAction","target":{"@type":"EntryPoint","urlTemplate":"https:\/\/regese.ch\/fussball\/?s={search_term_string}"},"query-input":{"@type":"PropertyValueSpecification","valueRequired":true,"valueName":"search_term_string"}}],"inLanguage":"de-CH"},{"@type":["Person","Organization"],"@id":"https:\/\/regese.ch\/fussball\/#\/schema\/person\/ddd2578315ccba2ed485145ed081d710","name":"admin","image":{"@type":"ImageObject","inLanguage":"de-CH","@id":"https:\/\/regese.ch\/fussball\/wp-content\/uploads\/2022\/03\/cropped-AdobeStock_294761021-fUSSBALLBLICK-Breit.png","url":"https:\/\/regese.ch\/fussball\/wp-content\/uploads\/2022\/03\/cropped-AdobeStock_294761021-fUSSBALLBLICK-Breit.png","contentUrl":"https:\/\/regese.ch\/fussball\/wp-content\/uploads\/2022\/03\/cropped-AdobeStock_294761021-fUSSBALLBLICK-Breit.png","width":1500,"height":300,"caption":"admin"},"logo":{"@id":"https:\/\/regese.ch\/fussball\/wp-content\/uploads\/2022\/03\/cropped-AdobeStock_294761021-fUSSBALLBLICK-Breit.png"},"sameAs":["instagram.com\/fck05_ese"]}]}},"_links":{"self":[{"href":"https:\/\/regese.ch\/fussball\/wp-json\/wp\/v2\/pages\/11167","targetHints":{"allow":["GET"]}}],"collection":[{"href":"https:\/\/regese.ch\/fussball\/wp-json\/wp\/v2\/pages"}],"about":[{"href":"https:\/\/regese.ch\/fussball\/wp-json\/wp\/v2\/types\/page"}],"author":[{"embeddable":true,"href":"https:\/\/regese.ch\/fussball\/wp-json\/wp\/v2\/users\/1"}],"replies":[{"embeddable":true,"href":"https:\/\/regese.ch\/fussball\/wp-json\/wp\/v2\/comments?post=11167"}],"version-history":[{"count":5,"href":"https:\/\/regese.ch\/fussball\/wp-json\/wp\/v2\/pages\/11167\/revisions"}],"predecessor-version":[{"id":11180,"href":"https:\/\/regese.ch\/fussball\/wp-json\/wp\/v2\/pages\/11167\/revisions\/11180"}],"wp:featuredmedia":[{"embeddable":true,"href":"https:\/\/regese.ch\/fussball\/wp-json\/wp\/v2\/media\/6470"}],"wp:attachment":[{"href":"https:\/\/regese.ch\/fussball\/wp-json\/wp\/v2\/media?parent=11167"}],"curies":[{"name":"wp","href":"https:\/\/api.w.org\/{rel}","templated":true}]}}